{"id":1060,"date":"2023-06-16T08:47:19","date_gmt":"2023-06-16T06:47:19","guid":{"rendered":"https:\/\/kljucavnicarstvo-cuk.si\/services\/"},"modified":"2023-09-01T13:24:18","modified_gmt":"2023-09-01T11:24:18","slug":"services","status":"publish","type":"page","link":"https:\/\/kljucavnicarstvo-cuk.si\/en\/services\/","title":{"rendered":"Services"},"content":{"rendered":"<section class=\"wpb-content-wrapper\"><p>[vc_row wrap_container=&#8221;yes&#8221; el_class=&#8221;py-4 my-5&#8243;][vc_column][vc_custom_heading text=&#8221;Klju\u010davni\u010darstvo JDJ Denis \u010cuk s.p.&#8221; font_container=&#8221;tag:h2|font_size:16.8px|text_align:left|color:%23777777|line_height:26px&#8221; use_theme_fonts=&#8221;yes&#8221; font_weight=&#8221;600&#8243; letter_spacing=&#8221;0&#8243; animation_delay=&#8221;300&#8243; animation_type=&#8221;fadeInUp&#8221; el_class=&#8221;mb-4&#8243;][vc_custom_heading text=&#8221;We process stainless and ordinary steel and aluminum. We offer quality services based on requirements or documentation of the client, we stick to the agreed production deadlines, and if desired, we also help with professional advice.<br \/>\nThe smallness and universality of our company is a guarantee for complete adaptability to the customer.&#8221; font_container=&#8221;tag:p|font_size:14px|text_align:left|line_height:26px&#8221; use_theme_fonts=&#8221;yes&#8221; font_weight=&#8221;400&#8243; letter_spacing=&#8221;0&#8243; animation_delay=&#8221;450&#8243; animation_type=&#8221;fadeInUp&#8221; el_class=&#8221;mb-3 pb-1&#8243;][vc_custom_heading text=&#8221;In cooperation with our external partners, we can also offer: laser cutting of sheet metal, pipes and profiles, as well as various galvanic treatments at competitive prices.&#8221; font_container=&#8221;tag:p|font_size:14px|text_align:left|line_height:26px&#8221; use_theme_fonts=&#8221;yes&#8221; font_weight=&#8221;400&#8243; letter_spacing=&#8221;0&#8243; animation_delay=&#8221;250&#8243; animation_type=&#8221;fadeInUp&#8221; css=&#8221;.vc_custom_1686897382773{margin-bottom: 26px !important;}&#8221;][\/vc_column][\/vc_row][vc_row][vc_column width=&#8221;1\/3&#8243;][vc_custom_heading text=&#8221;CNC TURNING&#8221; use_theme_fonts=&#8221;yes&#8221;][vc_single_image image=&#8221;725&#8243; img_size=&#8221;full&#8221; onclick=&#8221;link_image&#8221; label=&#8221;&#8221;][\/vc_column][vc_column width=&#8221;1\/3&#8243;][vc_custom_heading text=&#8221;CNC MILLING&#8221; use_theme_fonts=&#8221;yes&#8221;][vc_single_image image=&#8221;727&#8243; img_size=&#8221;full&#8221; onclick=&#8221;link_image&#8221; label=&#8221;&#8221;][\/vc_column][vc_column width=&#8221;1\/3&#8243;][vc_custom_heading text=&#8221;MILLING&#8221; use_theme_fonts=&#8221;yes&#8221;][vc_single_image image=&#8221;729&#8243; img_size=&#8221;full&#8221; onclick=&#8221;link_image&#8221; label=&#8221;&#8221;][\/vc_column][\/vc_row][vc_row][vc_column width=&#8221;1\/3&#8243;][vc_custom_heading text=&#8221;LASER CUTTING&#8221; use_theme_fonts=&#8221;yes&#8221;][vc_single_image image=&#8221;730&#8243; img_size=&#8221;full&#8221; onclick=&#8221;link_image&#8221; label=&#8221;&#8221;][\/vc_column][vc_column width=&#8221;1\/3&#8243;][vc_custom_heading text=&#8221;ROBOTIC WELDING&#8221; use_theme_fonts=&#8221;yes&#8221;][vc_single_image image=&#8221;731&#8243; img_size=&#8221;full&#8221; onclick=&#8221;link_image&#8221; label=&#8221;&#8221;][\/vc_column][vc_column width=&#8221;1\/3&#8243;][vc_custom_heading text=&#8221;WELDING&#8221; use_theme_fonts=&#8221;yes&#8221;][vc_single_image image=&#8221;733&#8243; img_size=&#8221;full&#8221; onclick=&#8221;link_image&#8221; label=&#8221;&#8221;][\/vc_column][\/vc_row][vc_row][vc_column width=&#8221;1\/3&#8243;][vc_custom_heading text=&#8221;CUTTING OUT&#8221; use_theme_fonts=&#8221;yes&#8221;][vc_single_image image=&#8221;734&#8243; img_size=&#8221;full&#8221; onclick=&#8221;link_image&#8221; label=&#8221;&#8221;][\/vc_column][vc_column width=&#8221;1\/3&#8243;][vc_custom_heading text=&#8221;METAL PRODUCTS&#8221; use_theme_fonts=&#8221;yes&#8221;][vc_single_image image=&#8221;743&#8243; img_size=&#8221;full&#8221; onclick=&#8221;link_image&#8221; label=&#8221;&#8221;][\/vc_column][vc_column width=&#8221;1\/3&#8243;][vc_custom_heading text=&#8221;STAINLESS MATERIAL&#8221; use_theme_fonts=&#8221;yes&#8221;][vc_single_image image=&#8221;746&#8243; img_size=&#8221;full&#8221; onclick=&#8221;link_image&#8221; label=&#8221;&#8221;][\/vc_column][\/vc_row]<\/p>\n<\/section>","protected":false},"excerpt":{"rendered":"<p>[vc_row wrap_container=&#8221;yes&#8221; el_class=&#8221;py-4 my-5&#8243;][vc_column][vc_custom_heading text=&#8221;Klju\u010davni\u010darstvo JDJ Denis \u010cuk s.p.&#8221; font_container=&#8221;tag:h2|font_size:16.8px|text_align:left|color:%23777777|line_height:26px&#8221; use_theme_fonts=&#8221;yes&#8221; font_weight=&#8221;600&#8243; letter_spacing=&#8221;0&#8243; animation_delay=&#8221;300&#8243; animation_type=&#8221;fadeInUp&#8221; el_class=&#8221;mb-4&#8243;][vc_custom_heading text=&#8221;We process stainless and ordinary steel and aluminum. We offer quality services based on requirements or documentation of the client, we stick to the agreed production deadlines, and if desired, we also help with professional advice. The smallness and [&hellip;]<\/p>\n","protected":false},"author":1,"featured_media":0,"parent":0,"menu_order":0,"comment_status":"closed","ping_status":"closed","template":"","meta":[],"_links":{"self":[{"href":"https:\/\/kljucavnicarstvo-cuk.si\/en\/wp-json\/wp\/v2\/pages\/1060"}],"collection":[{"href":"https:\/\/kljucavnicarstvo-cuk.si\/en\/wp-json\/wp\/v2\/pages"}],"about":[{"href":"https:\/\/kljucavnicarstvo-cuk.si\/en\/wp-json\/wp\/v2\/types\/page"}],"author":[{"embeddable":true,"href":"https:\/\/kljucavnicarstvo-cuk.si\/en\/wp-json\/wp\/v2\/users\/1"}],"replies":[{"embeddable":true,"href":"https:\/\/kljucavnicarstvo-cuk.si\/en\/wp-json\/wp\/v2\/comments?post=1060"}],"version-history":[{"count":7,"href":"https:\/\/kljucavnicarstvo-cuk.si\/en\/wp-json\/wp\/v2\/pages\/1060\/revisions"}],"predecessor-version":[{"id":1069,"href":"https:\/\/kljucavnicarstvo-cuk.si\/en\/wp-json\/wp\/v2\/pages\/1060\/revisions\/1069"}],"wp:attachment":[{"href":"https:\/\/kljucavnicarstvo-cuk.si\/en\/wp-json\/wp\/v2\/media?parent=1060"}],"curies":[{"name":"wp","href":"https:\/\/api.w.org\/{rel}","templated":true}]}}