{"id":997,"date":"2023-08-26T10:20:27","date_gmt":"2023-08-26T08:20:27","guid":{"rendered":"https:\/\/kljucavnicarstvo-cuk.si\/datenschutz-2\/"},"modified":"2023-08-31T09:46:39","modified_gmt":"2023-08-31T07:46:39","slug":"datenschutz-2","status":"publish","type":"page","link":"https:\/\/kljucavnicarstvo-cuk.si\/de\/datenschutz-2\/","title":{"rendered":"Datenschutz"},"content":{"rendered":"<section class=\"wpb-content-wrapper\"><p>[vc_row][vc_column][vc_column_text]Das Unternehmen JDJ \u010cUK verpflichtet sich, die Vertraulichkeit, Zug\u00e4nglichkeit und Integrit\u00e4t der personenbezogenen Daten der Website-Benutzer zu sch\u00fctzen. Die erhobenen personenbezogenen Daten werden von der Firma JDJ \u010cUK gem\u00e4\u00df dem angegebenen Zweck und Rahmen der Verarbeitung erhoben und verarbeitet und die Daten werden physisch und logisch angemessen gesch\u00fctzt. JDJ \u010cUK verarbeitet die von Einzelpersonen bereitgestellten personenbezogenen Daten auf der Grundlage ihrer pers\u00f6nlichen Einwilligung bis zum eindeutigen Widerruf der Nutzungserlaubnis durch die Person. Eine \u00dcbermittlung der erhobenen Daten an Drittl\u00e4nder oder andere Organisationen erfolgt nicht.<\/p>\n<p>Wir verpflichten uns zum dauerhaften Schutz aller personenbezogenen Daten, die wir vom Nutzer auf irgendeine Weise (\u00fcber die Website, per E-Mail, per Telefon usw.) erhalten, gem\u00e4\u00df dem Gesetz zum Schutz personenbezogener Daten, dem Verbraucherschutzgesetz, das Gesetz \u00fcber die elektronische Kommunikation (ZEKom-1) und die Datenschutz-Grundverordnung (DSGVO).<\/p>\n<p>Alle erhobenen Daten werden vertraulich behandelt und ausschlie\u00dflich f\u00fcr die Zusendung von Informationsmaterial, Angeboten, Rechnungen im Zusammenhang mit dem Verkauf und Versand von Waren oder der Erbringung von Dienstleistungen sowie f\u00fcr sonstige Zwecke der Gesch\u00e4ftskommunikation verwendet.<\/p>\n<p>JDJ \u010cUK gestattet und genehmigt den Zugriff auf Unternehmensdaten nur autorisierten Mitarbeitern.<\/p>\n<p>Das Unternehmen JDJ \u010cUK verwendet die gesammelten personenbezogenen Daten nicht f\u00fcr die Durchf\u00fchrung automatisierter Entscheidungsfindung oder Profilierung von Personen.<\/p>\n<p>Wenn Sie Fragen zur Nutzung und Verarbeitung personenbezogener Daten haben, k\u00f6nnen Sie uns unter jdj.cuk@gmail.com schreiben.<\/p>\n<p>Verst\u00f6\u00dfe gegen die Verwaltung und Verarbeitung personenbezogener Daten im Hoheitsgebiet der Republik Slowenien werden vom Datenschutzbeauftragten der Republik Slowenien behandelt:<\/p>\n<p>Republik Slowenien<br \/>\nInformationsbeauftragter (bezogen auf den Schutz personenbezogener Daten)[\/vc_column_text][\/vc_column][\/vc_row]<\/p>\n<\/section>","protected":false},"excerpt":{"rendered":"<p>[vc_row][vc_column][vc_column_text]Das Unternehmen JDJ \u010cUK verpflichtet sich, die Vertraulichkeit, Zug\u00e4nglichkeit und Integrit\u00e4t der personenbezogenen Daten der Website-Benutzer zu sch\u00fctzen. Die erhobenen personenbezogenen Daten werden von der Firma JDJ \u010cUK gem\u00e4\u00df dem angegebenen Zweck und Rahmen der Verarbeitung erhoben und verarbeitet und die Daten werden physisch und logisch angemessen gesch\u00fctzt. JDJ \u010cUK verarbeitet die von Einzelpersonen bereitgestellten [&hellip;]<\/p>\n","protected":false},"author":1,"featured_media":0,"parent":0,"menu_order":0,"comment_status":"closed","ping_status":"closed","template":"","meta":[],"_links":{"self":[{"href":"https:\/\/kljucavnicarstvo-cuk.si\/de\/wp-json\/wp\/v2\/pages\/997"}],"collection":[{"href":"https:\/\/kljucavnicarstvo-cuk.si\/de\/wp-json\/wp\/v2\/pages"}],"about":[{"href":"https:\/\/kljucavnicarstvo-cuk.si\/de\/wp-json\/wp\/v2\/types\/page"}],"author":[{"embeddable":true,"href":"https:\/\/kljucavnicarstvo-cuk.si\/de\/wp-json\/wp\/v2\/users\/1"}],"replies":[{"embeddable":true,"href":"https:\/\/kljucavnicarstvo-cuk.si\/de\/wp-json\/wp\/v2\/comments?post=997"}],"version-history":[{"count":8,"href":"https:\/\/kljucavnicarstvo-cuk.si\/de\/wp-json\/wp\/v2\/pages\/997\/revisions"}],"predecessor-version":[{"id":1010,"href":"https:\/\/kljucavnicarstvo-cuk.si\/de\/wp-json\/wp\/v2\/pages\/997\/revisions\/1010"}],"wp:attachment":[{"href":"https:\/\/kljucavnicarstvo-cuk.si\/de\/wp-json\/wp\/v2\/media?parent=997"}],"curies":[{"name":"wp","href":"https:\/\/api.w.org\/{rel}","templated":true}]}}