{"id":991,"date":"2023-08-26T10:18:23","date_gmt":"2023-08-26T08:18:23","guid":{"rendered":"https:\/\/kljucavnicarstvo-cuk.si\/agb\/"},"modified":"2023-08-31T09:45:04","modified_gmt":"2023-08-31T07:45:04","slug":"agb","status":"publish","type":"page","link":"https:\/\/kljucavnicarstvo-cuk.si\/de\/agb\/","title":{"rendered":"AGB"},"content":{"rendered":"<section class=\"wpb-content-wrapper\"><p>[vc_row][vc_column][vc_column_text]ALLGEMEINE BESTIMMUNGEN<\/p>\n<p>Artikel 1<br \/>\nDer Dienstleister ist das Unternehmen Klju\u010davni\u010darstvo JDJ Denis \u010cuk s.p., Klju\u010darovci pri Ljutomeru 7G, 9242 Kri\u017eevci pri Ljutomeru, Umsatzsteuer-Identifikationsnummer: SI-65446399.<\/p>\n<p>(im Folgenden der Anbieter)<\/p>\n<p>Kunde der Dienste ist jede juristische oder nat\u00fcrliche Person, die die Dienste des Anbieters \u00fcber Websites oder auf andere schriftliche Weise bestellt<\/p>\n<p>(im Folgenden \u201eKunde\u201c).<\/p>\n<p>&nbsp;<\/p>\n<p>ALLGEMEINE BESTIMMUNGEN<\/p>\n<p>Artikel 2<br \/>\nDie Leistungen werden durch die nachstehenden, f\u00fcr alle Kunden verbindlichen Allgemeinen Gesch\u00e4fts- und Nutzungsbedingungen der Firma JDJ (nachfolgend Allgemeine Gesch\u00e4ftsbedingungen) geregelt.<\/p>\n<p>Die Allgemeinen Gesch\u00e4ftsbedingungen haben zusammen mit der abgeschlossenen Bestellung von Dienstleistungen \u00fcber die Website klucavnicarstvo-cuk.si den Charakter eines zwischen dem Anbieter und dem Abonnenten geschlossenen Vertrags. Sofern der Anbieter und der Kunde einen Vertrag schriftlich abschlie\u00dfen, gehen die einzelnen Bestimmungen dieses Vertrages den Bestimmungen der Allgemeinen Gesch\u00e4ftsbedingungen vor.<\/p>\n<p>F\u00fcr alle Bestimmungen, die nicht in diesen Allgemeinen Gesch\u00e4ftsbedingungen geregelt sind, gelten die Bestimmungen des Obligationenrechts, des Gesetzes \u00fcber den elektronischen Gesch\u00e4ftsverkehr und die elektronische Signatur und des Konsumentenschutzgesetzes entsprechend.<\/p>\n<p>Artikel 3<br \/>\nDer Anbieter und der Kunde verpflichten sich, als gute Verwalter zu fungieren. Ihre Aussagen werden nach Treu und Glauben interpretiert. Der Anbieter und der Kunde l\u00f6sen Streitigkeiten g\u00fctlich. Andernfalls werden Streitigkeiten vom zust\u00e4ndigen Gericht in M. Sobota nach slowenischem Recht entschieden.<\/p>\n<p>Artikel 4<br \/>\nDer Dienstleister beh\u00e4lt sich das Recht vor, die Bestimmungen der Allgemeinen Gesch\u00e4ftsbedingungen jederzeit und ohne vorherige Ank\u00fcndigung an den Kunden zu \u00e4ndern, um die Einhaltung der geltenden Gesetze und internen Gesch\u00e4ftsregeln sicherzustellen. Als Datum der \u00c4nderung gilt das Datum der Ver\u00f6ffentlichung auf den Seiten klucavnicarstvo-cuk.si. Wenn der Kunde nicht innerhalb von 15 Tagen nach der Ver\u00f6ffentlichung der \u00c4nderungen Einspruch erhebt, wird davon ausgegangen, dass er mit den \u00c4nderungen einverstanden ist.<\/p>\n<p>PREISE UND GESCH\u00c4FTSBEDINGUNGEN<\/p>\n<p>Artikel 5<br \/>\nAlle Preise auf der Website des Anbieters verstehen sich in Euro (\u20ac) und enthalten die gesetzliche Mehrwertsteuer, sofern nicht anders angegeben. Sollte eine bestimmte Leistung auf der Website des Anbieters nicht aufgef\u00fchrt sein, kann der Kunde diese auf schriftliche Anfrage beim Kunden oder am Firmensitz des Anbieters beziehen.<\/p>\n<p>Artikel 6<br \/>\nDer Kunde verpflichtet sich, die Leistungen innerhalb von 15 Tagen nach Rechnungsstellung an den Anbieter zu bezahlen. Im Falle einer Nichtzahlung nach zwanzig (20) Tagen hat der Anbieter das Recht, die Erbringung aller Dienstleistungen f\u00fcr den Kunden nach vorheriger Ank\u00fcndigung sofort einzustellen. In diesem Fall haftet der Anbieter nicht f\u00fcr den tats\u00e4chlichen Gesch\u00e4ftsschaden des Kunden. Der Abonnent verpflichtet sich, die durch die Reaktivierung des Dienstes entstehenden Kosten zu tragen.<\/p>\n<p>Artikel 7<br \/>\nAls Nutzer der Website-Dienste erkl\u00e4ren Sie sich damit einverstanden, dass Sie alle Dienste auf eigenes Risiko nutzen. Die Leistungen werden \u201enach Verf\u00fcgbarkeit\u201c bereitgestellt. Der Anbieter \u00fcbernimmt keine Gew\u00e4hr daf\u00fcr, dass die Dienste Ihre Anforderungen und Bed\u00fcrfnisse vollst\u00e4ndig erf\u00fcllen oder dass die Dienste ohne Unterbrechung \u2013 zeitlich, sicher oder fehlerfrei \u2013 zur Verf\u00fcgung stehen. Dar\u00fcber hinaus \u00fcbernimmt der Anbieter keine Garantie f\u00fcr die Richtigkeit oder Zuverl\u00e4ssigkeit der \u00fcber die Dienste erhaltenen Informationen oder daf\u00fcr, dass Softwarefehler unverz\u00fcglich behoben werden. Sie sollten sich dar\u00fcber im Klaren sein, dass Sie alle Daten\/Dateien auf Ihr eigenes Risiko auf Ihren Computer \u00fcbertragen und dass Sie f\u00fcr etwaige Datenverluste, die durch eine solche \u00dcbertragung entstehen, verantwortlich sind.<\/p>\n<p>DAUER UND K\u00dcNDIGUNG DES ABONNEMENTVERTRAGS<\/p>\n<p>Artikel 8<br \/>\nAls Bestellung von Dienstleistungen gilt jede Bestellung, die der Kunde dem Anbieter in schriftlicher oder elektronischer Form \u00fcbermittelt. Die Zahlung der Anzahlung nach dem Angebot bedeutet die Auftragsbest\u00e4tigung und den Beginn der Ausf\u00fchrungsfrist. Bei Zahlung der Anzahlung nach Ablauf des Angebots behalten wir uns das Recht vor, den Liefertermin zu \u00e4ndern.<\/p>\n<p>Artikel 9<br \/>\nDie Vertragsparteien k\u00f6nnen den Vertrag jederzeit und fristlos durch schriftliche Mitteilung an die andere Partei k\u00fcndigen, wenn eine Partei grob gegen die Bestimmungen dieses Vertrages verst\u00f6\u00dft.<\/p>\n<p>Artikel 10<br \/>\nDer Kunde verpflichtet sich, alle Verpflichtungen aus dem Vertrag bis zum Zeitpunkt der Vertragsbeendigung zu erf\u00fcllen. Entscheidet sich der Abonnent im Falle einer Vorauszahlung f\u00fcr eine vorzeitige Vertragsbeendigung, hat er keinen Anspruch auf R\u00fcckerstattung des im Voraus gezahlten Betrags (gilt f\u00fcr Leistungen, bei denen dem Anbieter bereits Kosten entstanden sind).<\/p>\n<p>WETTBEWERB UND DATENSCHUTZ<\/p>\n<p>Artikel 11<\/p>\n<p>Der Anbieter und der Kunde verpflichten sich, alle im Rahmen der gesch\u00e4ftlichen Zusammenarbeit erlangten Informationen f\u00fcr die gesamte Dauer der Zusammenarbeit als Gesch\u00e4ftsgeheimnis zu sch\u00fctzen und s\u00e4mtliche im Rahmen der Zusammenarbeit erlangten Informationen f\u00fcr mindestens drei (3) Jahre nach Beendigung des Vertragsverh\u00e4ltnisses zu sch\u00fctzen Beziehung. Der Anbieter verpflichtet sich, die Daten des Kunden nicht an Dritte weiterzugeben, es sei denn, es liegt eine ausdr\u00fcckliche schriftliche Zustimmung des Kunden vor.<\/p>\n<p>TECHNISCHER KUNDENUNTERST\u00dcTZUNG<\/p>\n<p>Artikel 12<\/p>\n<p>Der Kundensupport steht den Kunden werktags zwischen 7:00 und 15:00 Uhr zur Verf\u00fcgung und erfolgt in der Regel per E-Mail jdj.cuk@gmail.com.<\/p>\n<p>Der Anbieter ist verpflichtet, nur Supportanfragen zu ber\u00fccksichtigen, die von der Kontakt-E-Mail des Kunden, die er bei der Bestellung der Dienste angegeben hat (im Folgenden: E-Mail des Kunden), an jdj.cuk@gmail.com gesendet werden. Der Anbieter ist nicht verpflichtet, Anfragen zu ber\u00fccksichtigen, die \u00fcber Telefongespr\u00e4che oder andere Kommunikationskan\u00e4le eingehen.<\/p>\n<p>Artikel 13<\/p>\n<p>Mit der Bestellung des Dienstes gestattet der Abonnent dem Anbieter, f\u00fcr die gesamte Dauer des Vertragsverh\u00e4ltnisses Informationen, Benachrichtigungen und Online-Frageb\u00f6gen in direktem Zusammenhang mit den JDJ-Diensten an die E-Mail-Adresse des Abonnenten zu senden. Der Abonnent kann den Erhalt dieser Benachrichtigungen jederzeit auf schriftlichen Antrag verweigern. Die Ablehnung erfolgt durch eine schriftliche Mitteilung an den Anbieter.<\/p>\n<p>RECHTE UND PFLICHTEN DES DIENSTLEISTERS<\/p>\n<p>Artikel 14<\/p>\n<p>In keinem Fall kann der Anbieter f\u00fcr indirekte oder direkte Einkommensverluste oder Sch\u00e4den haftbar gemacht werden, die durch fehlerhafte Bedienung der Dienste oder Ger\u00e4te des Anbieters verursacht werden.<\/p>\n<p>In keinem Fall kann der Anbieter f\u00fcr indirekte oder direkte Einkommensverluste oder Sch\u00e4den haftbar gemacht werden, die durch den Verlust oder die Entfremdung der Daten des Kunden oder anderer f\u00fcr die Nutzung der Dienste des Anbieters notwendiger Parameter entstehen w\u00fcrden.<\/p>\n<p>Artikel 15<\/p>\n<p>Im Falle einer Handlung des Abonnenten oder Nutzers, die gegen geltendes slowenisches oder internationales Recht verst\u00f6\u00dft, oder im Falle eines groben Versto\u00dfes gegen die Allgemeinen Gesch\u00e4ftsbedingungen hat der Anbieter das Recht, die Allgemeinen Gesch\u00e4ftsbedingungen mit sofortiger Wirkung und ohne vorherige Ank\u00fcndigung zu k\u00fcndigen Bereitstellung von Dienstleistungen f\u00fcr den Nutzer, unabh\u00e4ngig von dem tats\u00e4chlichen gesch\u00e4ftlichen Schaden, der dem Kunden durch diesen Eingriff entstehen k\u00f6nnte.<\/p>\n<p>Artikel 16<\/p>\n<p>Der Anbieter kann den Entzug von Informationen, Diensten und Diensten vom Abonnenten verlangen oder den Zugang zu ihnen auf andere Weise einschr\u00e4nken oder verhindern, wenn sie umstritten oder sch\u00e4dlich f\u00fcr den Anbieter sein k\u00f6nnten oder im Widerspruch zu den Allgemeinen Gesch\u00e4ftsbedingungen und der geltenden slowenischen Gesetzgebung stehen k\u00f6nnten .<\/p>\n<p>HAFTUNGSAUSSCHLUSS DES ANBIETER<\/p>\n<p>Artikel 17<\/p>\n<p>Der Anbieter ist nicht verantwortlich f\u00fcr die Dateien des Kunden, die auf den Servern gespeichert sind, und kann in keinem Fall f\u00fcr indirekte oder direkte Umsatz-, Gewinn- oder Verluste verantwortlich gemacht werden Sch\u00e4den, die durch unsachgem\u00e4\u00dfen Betrieb des Netzwerks oder der Server verursacht werden, sowie Verlust, Besch\u00e4digung oder Entfremdung der Daten des Abonnenten.<\/p>\n<p>RECHTE UND PFLICHTEN DES ABONNENTEN<\/p>\n<p>Artikel 18<\/p>\n<p>Der Abonnent ist verpflichtet, die Rechnung innerhalb von maximal 8 Tagen nach Erhalt zu beanstanden.<\/p>\n<p>SCHUTZ PERSONENBEZOGENER DATEN<\/p>\n<p>Artikel 19<\/p>\n<p>Der Kunde erkl\u00e4rt sich damit einverstanden, dass der Anbieter seine personenbezogenen Daten f\u00fcr die Zwecke seiner Gesch\u00e4ftsabwicklung erhebt und verarbeitet.<\/p>\n<p>Der Anbieter gew\u00e4hrt dem Abonnenten \u00fcber Benutzerseiten einen unterbrechungsfreien Zugriff auf seine Daten und deren Bearbeitung.<\/p>\n<p>Der Anbieter speichert personenbezogene und f\u00fcr den Gesch\u00e4ftsbetrieb notwendige Daten f\u00fcr die gesetzlich vorgeschriebene Dauer.<\/p>\n<p>VERZICHT AUF TEILE<\/p>\n<p>Der Kunde hat die M\u00f6glichkeit, die Leistungen zu k\u00fcndigen, muss sich jedoch dar\u00fcber im Klaren sein, dass der Anbieter f\u00fcr die Umsetzung des Projekts ausreichende Ressourcen reserviert hat, die er nicht in kurzer Zeit umverteilen kann, sodass ihm in bestimmten F\u00e4llen ein Anspruch auf eine angemessene Entsch\u00e4digung zusteht. Bei einer Stornierung innerhalb von 7 oder mehr Tagen vor der Auff\u00fchrung fallen keine Schadensersatzkosten an. In allen anderen F\u00e4llen ist die Entsch\u00e4digung eine Vereinbarung zwischen dem Anbieter und dem Kunden. Sollte der Kunde das Projekt w\u00e4hrend der Laufzeit abbrechen, beh\u00e4lt sich der Anbieter das Recht vor, die tats\u00e4chlich erbrachten Leistungen in Rechnung zu stellen. Eine Stornierung ist nur in schriftlicher Form durch den Verantwortlichen, der das Projekt in Auftrag gegeben hat, g\u00fcltig.<\/p>\n<p><strong>Klju\u010darovci, 30.5.2023<\/strong>[\/vc_column_text][\/vc_column][\/vc_row]<\/p>\n<\/section>","protected":false},"excerpt":{"rendered":"<p>[vc_row][vc_column][vc_column_text]ALLGEMEINE BESTIMMUNGEN Artikel 1 Der Dienstleister ist das Unternehmen Klju\u010davni\u010darstvo JDJ Denis \u010cuk s.p., Klju\u010darovci pri Ljutomeru 7G, 9242 Kri\u017eevci pri Ljutomeru, Umsatzsteuer-Identifikationsnummer: SI-65446399. (im Folgenden der Anbieter) Kunde der Dienste ist jede juristische oder nat\u00fcrliche Person, die die Dienste des Anbieters \u00fcber Websites oder auf andere schriftliche Weise bestellt (im Folgenden \u201eKunde\u201c). &nbsp; ALLGEMEINE [&hellip;]<\/p>\n","protected":false},"author":1,"featured_media":0,"parent":0,"menu_order":0,"comment_status":"closed","ping_status":"closed","template":"","meta":[],"_links":{"self":[{"href":"https:\/\/kljucavnicarstvo-cuk.si\/de\/wp-json\/wp\/v2\/pages\/991"}],"collection":[{"href":"https:\/\/kljucavnicarstvo-cuk.si\/de\/wp-json\/wp\/v2\/pages"}],"about":[{"href":"https:\/\/kljucavnicarstvo-cuk.si\/de\/wp-json\/wp\/v2\/types\/page"}],"author":[{"embeddable":true,"href":"https:\/\/kljucavnicarstvo-cuk.si\/de\/wp-json\/wp\/v2\/users\/1"}],"replies":[{"embeddable":true,"href":"https:\/\/kljucavnicarstvo-cuk.si\/de\/wp-json\/wp\/v2\/comments?post=991"}],"version-history":[{"count":7,"href":"https:\/\/kljucavnicarstvo-cuk.si\/de\/wp-json\/wp\/v2\/pages\/991\/revisions"}],"predecessor-version":[{"id":1008,"href":"https:\/\/kljucavnicarstvo-cuk.si\/de\/wp-json\/wp\/v2\/pages\/991\/revisions\/1008"}],"wp:attachment":[{"href":"https:\/\/kljucavnicarstvo-cuk.si\/de\/wp-json\/wp\/v2\/media?parent=991"}],"curies":[{"name":"wp","href":"https:\/\/api.w.org\/{rel}","templated":true}]}}