{"id":981,"date":"2023-08-17T12:55:58","date_gmt":"2023-08-17T10:55:58","guid":{"rendered":"https:\/\/kljucavnicarstvo-cuk.si\/qualitaet\/"},"modified":"2023-08-31T09:53:25","modified_gmt":"2023-08-31T07:53:25","slug":"qualitaet","status":"publish","type":"page","link":"https:\/\/kljucavnicarstvo-cuk.si\/de\/qualitaet\/","title":{"rendered":"Qualit\u00e4t"},"content":{"rendered":"<section class=\"wpb-content-wrapper\"><p>[vc_row][vc_column][vc_column_text]Qualit\u00e4t ist ein Merkmal aller unternehmerischen Aktivit\u00e4ten (Wirkungen) und eine notwendige Voraussetzung f\u00fcr die Erf\u00fcllung der Erwartungen unserer Kunden. Aus diesem Grund bieten wir qualitativ hochwertige Dienstleistungen an, die wir st\u00e4ndig verbessern, da wir dem Markt die beste Dienstleistung bieten m\u00f6chten.<\/p>\n<p>Die Grundsatzerkl\u00e4rung spiegelt die grunds\u00e4tzlichen Ausrichtungen des Qualit\u00e4tsmanagementsystems und seiner Verbesserung wider. Die Politik zielt darauf ab, strategische Ziele zu erreichen, die die Verwirklichung der Vision und Mission unseres Unternehmens sicherstellen. In der Politik akzeptieren wir Werte wie Verantwortung, Ehrlichkeit, Flei\u00df, Pr\u00e4zision, Unabh\u00e4ngigkeit, Innovation, Teamarbeit und Wissen.<\/p>\n<p>Um unsere Qualit\u00e4tspolitik umzusetzen, besch\u00e4ftigen wir Mitarbeiter mit relevanten F\u00e4higkeiten und Werten, die motiviert und kreativ sind, und sorgen daf\u00fcr, dass die Technologie st\u00e4ndig auf dem neuesten Stand ist.<\/p>\n<p>Das Top-Management unseres Unternehmens nutzt die anerkannte Qualit\u00e4tspolitik als Managementmethode zur Verbesserung des Qualit\u00e4tsmanagementsystems und zum erfolgreichen Betrieb. Die verabschiedete Qualit\u00e4tspolitik ist fester Bestandteil unserer Unternehmensstrategie und deren Kontext.<\/p>\n<p>Bei der Festlegung, Verabschiedung und \u00c4nderung unserer Qualit\u00e4tspolitik ber\u00fccksichtigen wir Folgendes:<\/p>\n<p>\u2013 es muss mit der Vision und Mission des Top-Managements im Einklang stehen,<br \/>\n&#8211; Sie muss f\u00fcr alle im Unternehmen besch\u00e4ftigten Mitarbeiter verst\u00e4ndlich sein<\/p>\n<p>Die Ziele der Qualit\u00e4tspolitik unseres Unternehmens sind:<\/p>\n<ul>\n<li>Kontinuierliche Verbesserung von Prozessen, Technologie und Qualit\u00e4tsmanagementsystem.<\/li>\n<li>Erweiterung des Dienstleistungs- und Produktionsspektrums.<\/li>\n<li>Die Gesch\u00e4ftsf\u00fchrung verpflichtet sich au\u00dferdem, ausreichende Ressourcen f\u00fcr die wirksame Umsetzung der Qualit\u00e4ts-, Sicherheits- und nachhaltigen Entwicklungspolitik bereitzustellen, beispielsweise durch Investitionen in Infrastruktur, Arbeitspl\u00e4tze und gute technische Ausstattung.<\/li>\n<li>\u00dcberwachung, Definition, Verst\u00e4ndnis und konsequente Erf\u00fcllung der Anforderungen von Kunden, K\u00e4ufern, geltenden Gesetzen und Vorschriften, die sich auf das Unternehmen beziehen, sowie anderer Anforderungen, denen das Unternehmen zugestimmt hat.<\/li>\n<li>Die Umsetzung von Aktivit\u00e4ten zur permanenten Verbesserung konzentrierte sich insbesondere auf die Pr\u00e4vention von Risiken, die regelm\u00e4\u00dfige Bewertung des Sicherheitszustands aller Prozesse und Ma\u00dfnahmen im Sinne von Pr\u00e4vention und Verbesserung.<\/li>\n<li>Sie schult und informiert die Mitarbeiter regelm\u00e4\u00dfig \u00fcber alle rechtsverbindlichen Anforderungen und Neuerungen und k\u00fcmmert sich um die schrittweise Steigerung der Kultur und des Bewusstseins aller Mitarbeiter. Dabei legt sie gro\u00dfen Wert auf die Schulung der Mitarbeiter hinsichtlich Sicherheitsstandards.<\/li>\n<li>Sie strebt eine rationelle Nutzung aller Rohstoffe, Materialien und Energiequellen an und wird diese gleichzeitig im Rahmen der wirtschaftlichen M\u00f6glichkeiten schrittweise durch umweltfreundlichere ersetzen und bei Unregelm\u00e4\u00dfigkeiten unverz\u00fcglich Ma\u00dfnahmen ergreifen Aktion.<\/li>\n<li>Durch den Dialog mit Kunden, Anwohnern und anderen interessierten Parteien haben wir zusammengearbeitet und offene Beziehungen zur \u00d6ffentlichkeit aufgebaut und so zum Erfolg gemeinsamer Bem\u00fchungen zur Verbesserung der Situation beigetragen.<\/li>\n<li>Die erforderlichen Aktivit\u00e4ten durchgef\u00fchrt, damit die Mitarbeiter mit der Richtlinie vertraut sind, sie verstehen, umsetzen und aufrechterhalten, jeder in seinem eigenen Bereich.<\/li>\n<li>\u00dcberpr\u00fcfen Sie die Eignung der Richtlinie mindestens einmal im Jahr, in der Regel im Rahmen einer Managementbewertung.<\/li>\n<li>Anregungen und W\u00fcnsche der Mitarbeiter entgegennehmen und umsetzen.<\/li>\n<li>Verwirklichen Sie die von den Eigent\u00fcmern gesetzten Jahresziele und erf\u00fcllen Sie deren Erwartungen und Anforderungen.<\/li>\n<li>Identifizieren und ber\u00fccksichtigen Sie Erwartungen und Anforderungen von Lieferanten.<\/li>\n<\/ul>\n<p><strong>Klju\u010darovci pri Ljutomeru, 15.06.2022<\/strong>[\/vc_column_text][\/vc_column][\/vc_row]<\/p>\n<\/section>","protected":false},"excerpt":{"rendered":"<p>[vc_row][vc_column][vc_column_text]Qualit\u00e4t ist ein Merkmal aller unternehmerischen Aktivit\u00e4ten (Wirkungen) und eine notwendige Voraussetzung f\u00fcr die Erf\u00fcllung der Erwartungen unserer Kunden. Aus diesem Grund bieten wir qualitativ hochwertige Dienstleistungen an, die wir st\u00e4ndig verbessern, da wir dem Markt die beste Dienstleistung bieten m\u00f6chten. Die Grundsatzerkl\u00e4rung spiegelt die grunds\u00e4tzlichen Ausrichtungen des Qualit\u00e4tsmanagementsystems und seiner Verbesserung wider. Die Politik [&hellip;]<\/p>\n","protected":false},"author":1,"featured_media":0,"parent":0,"menu_order":0,"comment_status":"closed","ping_status":"closed","template":"","meta":[],"_links":{"self":[{"href":"https:\/\/kljucavnicarstvo-cuk.si\/de\/wp-json\/wp\/v2\/pages\/981"}],"collection":[{"href":"https:\/\/kljucavnicarstvo-cuk.si\/de\/wp-json\/wp\/v2\/pages"}],"about":[{"href":"https:\/\/kljucavnicarstvo-cuk.si\/de\/wp-json\/wp\/v2\/types\/page"}],"author":[{"embeddable":true,"href":"https:\/\/kljucavnicarstvo-cuk.si\/de\/wp-json\/wp\/v2\/users\/1"}],"replies":[{"embeddable":true,"href":"https:\/\/kljucavnicarstvo-cuk.si\/de\/wp-json\/wp\/v2\/comments?post=981"}],"version-history":[{"count":6,"href":"https:\/\/kljucavnicarstvo-cuk.si\/de\/wp-json\/wp\/v2\/pages\/981\/revisions"}],"predecessor-version":[{"id":1015,"href":"https:\/\/kljucavnicarstvo-cuk.si\/de\/wp-json\/wp\/v2\/pages\/981\/revisions\/1015"}],"wp:attachment":[{"href":"https:\/\/kljucavnicarstvo-cuk.si\/de\/wp-json\/wp\/v2\/media?parent=981"}],"curies":[{"name":"wp","href":"https:\/\/api.w.org\/{rel}","templated":true}]}}