{"id":975,"date":"2023-06-16T08:47:19","date_gmt":"2023-06-16T06:47:19","guid":{"rendered":"https:\/\/kljucavnicarstvo-cuk.si\/dienstleistungen\/"},"modified":"2023-08-31T09:32:58","modified_gmt":"2023-08-31T07:32:58","slug":"dienstleistungen","status":"publish","type":"page","link":"https:\/\/kljucavnicarstvo-cuk.si\/de\/dienstleistungen\/","title":{"rendered":"Dienstleistungen"},"content":{"rendered":"<section class=\"wpb-content-wrapper\"><p>[vc_row wrap_container=&#8220;yes&#8220; el_class=&#8220;py-4 my-5&#8243;][vc_column][vc_custom_heading text=&#8220;Klju\u010davni\u010darstvo JDJ Denis \u010cuk s.p.&#8220; font_container=&#8220;tag:h2|font_size:16.8px|text_align:left|color:%23777777|line_height:26px&#8220; use_theme_fonts=&#8220;yes&#8220; font_weight=&#8220;600&#8243; letter_spacing=&#8220;0&#8243; animation_delay=&#8220;300&#8243; animation_type=&#8220;fadeInUp&#8220; el_class=&#8220;mb-4&#8243;][vc_custom_heading text=&#8220;Wir verarbeiten rostfreien und unlegierten Stahl sowie Aluminium. Wir bieten qualitativ hochwertige Dienstleistungen basierend auf Anforderungen oder Nach der Dokumentation des Auftraggebers halten wir die vereinbarten Produktionstermine ein und stehen auf Wunsch auch mit professioneller Beratung zur Seite.<br \/>\nDie Kleinheit und Universalit\u00e4t unseres Unternehmens ist ein Garant f\u00fcr vollst\u00e4ndige Anpassungsf\u00e4higkeit an den Kunden.&#8220; font_container=&#8220;tag:p|font_size:14px|text_align:left|line_height:26px&#8220; use_theme_fonts=&#8220;yes&#8220; font_weight=&#8220;400&#8243; letter_spacing=&#8220;0&#8243; animation_delay=&#8220;450&#8243; animation_type=&#8220;fadeInUp&#8220; el_class=&#8220;mb-3 pb-1&#8243;][vc_custom_heading text=&#8220;In Zusammenarbeit mit unseren externen Partnern k\u00f6nnen wir au\u00dferdem Folgendes anbieten: Laserschneiden von Blechen, Rohren und Profilen sowie verschiedene galvanische Behandlungen zu wettbewerbsf\u00e4higen Preisen.&#8220; font_container=&#8220;tag:p|font_size:14px|text_align:left|line_height:26px&#8220; use_theme_fonts=&#8220;yes&#8220; font_weight=&#8220;400&#8243; letter_spacing=&#8220;0&#8243; animation_delay=&#8220;250&#8243; animation_type=&#8220;fadeInUp&#8220; css=&#8220;.vc_custom_1686897382773{margin-bottom: 26px !important;}&#8220;][\/vc_column][\/vc_row][vc_row][vc_column width=&#8220;1\/3&#8243;][vc_custom_heading text=&#8220;CNC-DREHEN&#8220; use_theme_fonts=&#8220;yes&#8220;][vc_single_image image=&#8220;725&#8243; img_size=&#8220;full&#8220; onclick=&#8220;link_image&#8220; label=&#8220;&#8220;][\/vc_column][vc_column width=&#8220;1\/3&#8243;][vc_custom_heading text=&#8220;CNC-FR\u00c4SEN&#8220; use_theme_fonts=&#8220;yes&#8220;][vc_single_image image=&#8220;727&#8243; img_size=&#8220;full&#8220; onclick=&#8220;link_image&#8220; label=&#8220;&#8220;][\/vc_column][vc_column width=&#8220;1\/3&#8243;][vc_custom_heading text=&#8220;FR\u00c4SEN&#8220; use_theme_fonts=&#8220;yes&#8220;][vc_single_image image=&#8220;729&#8243; img_size=&#8220;full&#8220; onclick=&#8220;link_image&#8220; label=&#8220;&#8220;][\/vc_column][\/vc_row][vc_row][vc_column width=&#8220;1\/3&#8243;][vc_custom_heading text=&#8220;LASER SCHNEIDEN&#8220; use_theme_fonts=&#8220;yes&#8220;][vc_single_image image=&#8220;730&#8243; img_size=&#8220;full&#8220; onclick=&#8220;link_image&#8220; label=&#8220;&#8220;][\/vc_column][vc_column width=&#8220;1\/3&#8243;][vc_custom_heading text=&#8220;ROBOTERSCHWEISSEN&#8220; use_theme_fonts=&#8220;yes&#8220;][vc_single_image image=&#8220;731&#8243; img_size=&#8220;full&#8220; onclick=&#8220;link_image&#8220; label=&#8220;&#8220;][\/vc_column][vc_column width=&#8220;1\/3&#8243;][vc_custom_heading text=&#8220;SCHWEISSEN&#8220; use_theme_fonts=&#8220;yes&#8220;][vc_single_image image=&#8220;733&#8243; img_size=&#8220;full&#8220; onclick=&#8220;link_image&#8220; label=&#8220;&#8220;][\/vc_column][\/vc_row][vc_row][vc_column width=&#8220;1\/3&#8243;][vc_custom_heading text=&#8220;AUSSCHNEIDEN&#8220; use_theme_fonts=&#8220;yes&#8220;][vc_single_image image=&#8220;734&#8243; img_size=&#8220;full&#8220; onclick=&#8220;link_image&#8220; label=&#8220;&#8220;][\/vc_column][vc_column width=&#8220;1\/3&#8243;][vc_custom_heading text=&#8220;METALLPRODUKTE&#8220; use_theme_fonts=&#8220;yes&#8220;][vc_single_image image=&#8220;743&#8243; img_size=&#8220;full&#8220; onclick=&#8220;link_image&#8220; label=&#8220;&#8220;][\/vc_column][vc_column width=&#8220;1\/3&#8243;][vc_custom_heading text=&#8220;EDELSTAHL&#8220; use_theme_fonts=&#8220;yes&#8220;][vc_single_image image=&#8220;746&#8243; img_size=&#8220;full&#8220; onclick=&#8220;link_image&#8220; label=&#8220;&#8220;][\/vc_column][\/vc_row]<\/p>\n<\/section>","protected":false},"excerpt":{"rendered":"<p>[vc_row wrap_container=&#8220;yes&#8220; el_class=&#8220;py-4 my-5&#8243;][vc_column][vc_custom_heading text=&#8220;Klju\u010davni\u010darstvo JDJ Denis \u010cuk s.p.&#8220; font_container=&#8220;tag:h2|font_size:16.8px|text_align:left|color:%23777777|line_height:26px&#8220; use_theme_fonts=&#8220;yes&#8220; font_weight=&#8220;600&#8243; letter_spacing=&#8220;0&#8243; animation_delay=&#8220;300&#8243; animation_type=&#8220;fadeInUp&#8220; el_class=&#8220;mb-4&#8243;][vc_custom_heading text=&#8220;Wir verarbeiten rostfreien und unlegierten Stahl sowie Aluminium. Wir bieten qualitativ hochwertige Dienstleistungen basierend auf Anforderungen oder Nach der Dokumentation des Auftraggebers halten wir die vereinbarten Produktionstermine ein und stehen auf Wunsch auch mit professioneller Beratung zur Seite. Die [&hellip;]<\/p>\n","protected":false},"author":1,"featured_media":0,"parent":0,"menu_order":0,"comment_status":"closed","ping_status":"closed","template":"","meta":[],"_links":{"self":[{"href":"https:\/\/kljucavnicarstvo-cuk.si\/de\/wp-json\/wp\/v2\/pages\/975"}],"collection":[{"href":"https:\/\/kljucavnicarstvo-cuk.si\/de\/wp-json\/wp\/v2\/pages"}],"about":[{"href":"https:\/\/kljucavnicarstvo-cuk.si\/de\/wp-json\/wp\/v2\/types\/page"}],"author":[{"embeddable":true,"href":"https:\/\/kljucavnicarstvo-cuk.si\/de\/wp-json\/wp\/v2\/users\/1"}],"replies":[{"embeddable":true,"href":"https:\/\/kljucavnicarstvo-cuk.si\/de\/wp-json\/wp\/v2\/comments?post=975"}],"version-history":[{"count":6,"href":"https:\/\/kljucavnicarstvo-cuk.si\/de\/wp-json\/wp\/v2\/pages\/975\/revisions"}],"predecessor-version":[{"id":1011,"href":"https:\/\/kljucavnicarstvo-cuk.si\/de\/wp-json\/wp\/v2\/pages\/975\/revisions\/1011"}],"wp:attachment":[{"href":"https:\/\/kljucavnicarstvo-cuk.si\/de\/wp-json\/wp\/v2\/media?parent=975"}],"curies":[{"name":"wp","href":"https:\/\/api.w.org\/{rel}","templated":true}]}}