{"id":965,"date":"2023-06-13T11:35:12","date_gmt":"2023-06-13T09:35:12","guid":{"rendered":"https:\/\/kljucavnicarstvo-cuk.si\/datenschutz\/"},"modified":"2023-08-31T09:46:04","modified_gmt":"2023-08-31T07:46:04","slug":"datenschutzerklaerung","status":"publish","type":"page","link":"https:\/\/kljucavnicarstvo-cuk.si\/de\/datenschutzerklaerung\/","title":{"rendered":"Datenschutzerkl\u00e4rung"},"content":{"rendered":"<section class=\"wpb-content-wrapper\"><p>[vc_row][vc_column][vc_column_text]DATENSCHUTZERKL\u00c4RUNG<\/p>\n<p>Unsere Website verwendet Cookies. Dabei handelt es sich um kleine Datenmengen, die der Webserver Ihrem Browser bei Ihrem Besuch anbietet. Dadurch werden sie in der Regel auf Ihrem Computer oder Mobilger\u00e4t gespeichert und bei sp\u00e4teren Besuchen wird das gespeicherte Cookie vom Browser erneut an den Server gesendet. Cookies werden verwendet, um Einstellungen zu speichern, die Sitzung eines einzelnen Benutzers zu verwalten, zwischen Benutzern zu unterscheiden und sie auf der Website (kann auch zwischen mehreren Websites) zu verfolgen. Das Laden von Cookies zu steuern, ihre Eigenschaften zu \u00fcberpr\u00fcfen und sie zu l\u00f6schen, ist in den Einstellungen Ihres Webbrowsers oder durch die Verwendung zus\u00e4tzlicher Plugins darin m\u00f6glich.<\/p>\n<p>Cookies werden nach folgenden Merkmalen unterschieden:<\/p>\n<p>tempor\u00e4re (und Sitzungs-) oder permanente Cookies,<br \/>\neigene Cookies oder Cookies von Drittanbietern.<br \/>\nEin Sitzungscookie ist ein Cookie, das automatisch gel\u00f6scht wird, wenn Sie Ihren Browser schlie\u00dfen, w\u00e4hrend ein dauerhaftes Cookie in Ihrem Browser gespeichert bleibt, bis ein bestimmter Zeitraum (der Minuten, Tage oder Jahre betragen kann) verstrichen ist.<\/p>\n<p>Eigene Cookies werden von der von Ihnen besuchten Website gesetzt, und Cookies von Drittanbietern werden von einem externen Partner-Webdienst gesetzt, der f\u00fcr die gew\u00fcnschte Funktionalit\u00e4t in die Website eingebunden ist.<\/p>\n<p>Welche Cookies verwenden wir auf unserer Website?<\/p>\n<p>Auf der Website verwenden wir Cookies des Analysedienstes Google Analytics, die sowohl permanent als auch tempor\u00e4r sind (Session-Cookies), und die Cookies des WordPress-Statistics-Plugins. Wir nutzen den Dienst zum Zweck der Verkehrsanalyse (Besucherz\u00e4hlung, Identifizierung von Browsern und Verweildauer des Nutzers auf der Seite, Navigationsprobleme etc.). Sie erm\u00f6glichen es uns, die Reichweite und das Interesse unserer Beitr\u00e4ge sowie die Resonanz auf die gelegentlich von uns durchgef\u00fchrten Medienkampagnen zu bewerten. Wir verwenden alle Daten ausschlie\u00dflich intern und zur Verbesserung unserer Website.<\/p>\n<p>Was ist mit Cookies, die mit Plugins sozialer Netzwerke verkn\u00fcpft sind?<\/p>\n<p>Cookies, die mit Plugins sozialer Netzwerke verkn\u00fcpft sind, erm\u00f6glichen es uns, ihre Produkte in den Inhalt unserer Website zu integrieren \u2013 so k\u00f6nnen Besucher Inhalte mit ihren Freunden oder anderen verbundenen Personen teilen (verschiedene Schaltfl\u00e4chen wie \u201eGef\u00e4llt mir\u201c, \u201eInhalt teilen\u201c, \u201eEmpfehlen&#8230;\u201c). Plugins verwenden Cookies, damit soziale Netzwerke ihre Mitglieder identifizieren k\u00f6nnen, wenn sie eine Website mit einem Plugin besuchen. Wenn Sie beim Besuch unserer Website nicht bei einem bestimmten sozialen Netzwerk eingeloggt sind (oder dort kein Mitglied sind), ist f\u00fcr das Laden von Cookies durch Plug-ins eine Einwilligung erforderlich.<\/p>\n<p>Andere Links<\/p>\n<p>Auf der Website finden Sie m\u00f6glicherweise Links zu anderen Websites, die nicht unter unserer Verwaltung stehen. Wir sind nicht f\u00fcr die Wahrung der Privatsph\u00e4re oder des Inhalts dieser Websites verantwortlich. Wir stellen den Besuchern lediglich Links zur Verf\u00fcgung, \u00fcber die sie n\u00fctzliche Informationen im Bereich der Informationssicherheit finden k\u00f6nnen.[\/vc_column_text][\/vc_column][\/vc_row]<\/p>\n<\/section>","protected":false},"excerpt":{"rendered":"<p>[vc_row][vc_column][vc_column_text]DATENSCHUTZERKL\u00c4RUNG Unsere Website verwendet Cookies. Dabei handelt es sich um kleine Datenmengen, die der Webserver Ihrem Browser bei Ihrem Besuch anbietet. Dadurch werden sie in der Regel auf Ihrem Computer oder Mobilger\u00e4t gespeichert und bei sp\u00e4teren Besuchen wird das gespeicherte Cookie vom Browser erneut an den Server gesendet. Cookies werden verwendet, um Einstellungen zu speichern, [&hellip;]<\/p>\n","protected":false},"author":1,"featured_media":0,"parent":0,"menu_order":0,"comment_status":"closed","ping_status":"open","template":"","meta":[],"_links":{"self":[{"href":"https:\/\/kljucavnicarstvo-cuk.si\/de\/wp-json\/wp\/v2\/pages\/965"}],"collection":[{"href":"https:\/\/kljucavnicarstvo-cuk.si\/de\/wp-json\/wp\/v2\/pages"}],"about":[{"href":"https:\/\/kljucavnicarstvo-cuk.si\/de\/wp-json\/wp\/v2\/types\/page"}],"author":[{"embeddable":true,"href":"https:\/\/kljucavnicarstvo-cuk.si\/de\/wp-json\/wp\/v2\/users\/1"}],"replies":[{"embeddable":true,"href":"https:\/\/kljucavnicarstvo-cuk.si\/de\/wp-json\/wp\/v2\/comments?post=965"}],"version-history":[{"count":6,"href":"https:\/\/kljucavnicarstvo-cuk.si\/de\/wp-json\/wp\/v2\/pages\/965\/revisions"}],"predecessor-version":[{"id":1009,"href":"https:\/\/kljucavnicarstvo-cuk.si\/de\/wp-json\/wp\/v2\/pages\/965\/revisions\/1009"}],"wp:attachment":[{"href":"https:\/\/kljucavnicarstvo-cuk.si\/de\/wp-json\/wp\/v2\/media?parent=965"}],"curies":[{"name":"wp","href":"https:\/\/api.w.org\/{rel}","templated":true}]}}