{"id":962,"date":"2020-12-25T15:00:25","date_gmt":"2020-12-25T14:00:25","guid":{"rendered":"https:\/\/kljucavnicarstvo-cuk.si\/kontakt\/"},"modified":"2024-01-25T18:27:02","modified_gmt":"2024-01-25T17:27:02","slug":"kontakt","status":"publish","type":"page","link":"https:\/\/kljucavnicarstvo-cuk.si\/de\/kontakt\/","title":{"rendered":"Kontakt"},"content":{"rendered":"<section class=\"wpb-content-wrapper\"><p>[vc_row content_placement=&#8220;middle&#8220; wrap_container=&#8220;yes&#8220; el_class=&#8220;pt-4&#8243; css=&#8220;.vc_custom_1640820771458{padding-bottom: 57px !important;}&#8220;][vc_column el_class=&#8220;offset-xl-1 mb-5 mb-lg-0&#8243; offset=&#8220;vc_col-lg-4 vc_col-md-5&#8243;][vc_column_text]Hauptsitz:<br \/>\n<span style=\"color: #000000;\"><strong>Klju\u010darovci 7g<\/strong><\/span><br \/>\n<span style=\"color: #000000;\"><strong>9242 Kri\u017eevci pri Ljutomeru<\/strong><\/span><\/p>\n<p>Werk 2:<br \/>\n<span style=\"color: #000000;\"><strong>Klju\u010darovci 75<\/strong><\/span><br \/>\n<span style=\"color: #000000;\"><strong>9242 Kri\u017eevci pri Ljutomeru<\/strong><\/span>[\/vc_column_text]<a class=\"porto-sicon-box-link\" href=\"mailto:denis.cuk@jdj.si\"><div class=\"porto-sicon-box custom-phone pt-3 mb-2  wpb_custom_1efe903570d178ff0a9b7bfa5febd3a4 style_1 default-icon\"><div class=\"porto-sicon-default\"><div class=\"porto-just-icon-wrapper porto-icon none\" style=\"color:#212529;font-size:16.8px;margin-right:8px;\"><i class=\"Simple-Line-Icons-envelope\"><\/i><\/div><\/div><div class=\"porto-sicon-header\"><p style=\"font-weight:700;font-size:16.8px;line-height:24px;color:#212529;\">E-mail: denis.cuk@jdj.si<\/p><\/div> <!-- header --><\/div><!-- porto-sicon-box --><\/a><a class=\"porto-sicon-box-link\" href=\"tel:+38641402695\"><div class=\"porto-sicon-box  vc_custom_1693468482180 custom-phone  wpb_custom_1efe903570d178ff0a9b7bfa5febd3a4 style_1 default-icon\"><div class=\"porto-sicon-default\"><div class=\"porto-just-icon-wrapper porto-icon none\" style=\"color:#212529;font-size:16.8px;margin-right:8px;\"><i class=\"Simple-Line-Icons-phone\"><\/i><\/div><\/div><div class=\"porto-sicon-header\"><p style=\"font-weight:700;font-size:16.8px;line-height:24px;color:#212529;\">Telefon: +386 41 402 695<\/p><\/div> <!-- header --><\/div><!-- porto-sicon-box --><\/a>[\/vc_column][vc_column el_class=&#8220;offset-lg-1 custom-form-style-1&#8243; offset=&#8220;vc_col-lg-5 vc_col-md-6&#8243;]<div class=\"wpb_custom_cc82b6021c272ebcafb07623fccbe92a\">\n<div class=\"wpcf7 no-js\" id=\"wpcf7-f1017-o1\" lang=\"en-US\" dir=\"ltr\">\n<div class=\"screen-reader-response\"><p role=\"status\" aria-live=\"polite\" aria-atomic=\"true\"><\/p> <ul><\/ul><\/div>\n<form action=\"\/de\/wp-json\/wp\/v2\/pages\/962#wpcf7-f1017-o1\" method=\"post\" class=\"wpcf7-form init\" aria-label=\"Contact form\" novalidate=\"novalidate\" data-status=\"init\">\n<div style=\"display: none;\">\n<input type=\"hidden\" name=\"_wpcf7\" value=\"1017\" \/>\n<input type=\"hidden\" name=\"_wpcf7_version\" value=\"5.7.7\" \/>\n<input type=\"hidden\" name=\"_wpcf7_locale\" value=\"en_US\" \/>\n<input type=\"hidden\" name=\"_wpcf7_unit_tag\" value=\"wpcf7-f1017-o1\" \/>\n<input type=\"hidden\" name=\"_wpcf7_container_post\" value=\"0\" \/>\n<input type=\"hidden\" name=\"_wpcf7_posted_data_hash\" value=\"\" \/>\n<\/div>\n<div class=\"form-row row-gutter-sm\">\n\t<div class=\"form-group col mb-3\">\n\t\t<p><span class=\"wpcf7-form-control-wrap\" data-name=\"text-45\"><input size=\"40\" class=\"wpcf7-form-control wpcf7-text wpcf7-validates-as-required form-control\" id=\"name\" aria-required=\"true\" aria-invalid=\"false\" placeholder=\"Name\/Firma\" value=\"\" type=\"text\" name=\"text-45\" \/><\/span>\n\t\t<\/p>\n\t<\/div>\n<\/div>\n<div class=\"form-row row-gutter-sm\">\n\t<div class=\"form-group col mb-3\">\n\t\t<p><span class=\"wpcf7-form-control-wrap\" data-name=\"email-252\"><input size=\"40\" class=\"wpcf7-form-control wpcf7-text wpcf7-email wpcf7-validates-as-required wpcf7-validates-as-email form-control\" id=\"email\" aria-required=\"true\" aria-invalid=\"false\" placeholder=\"E-mail\" value=\"\" type=\"email\" name=\"email-252\" \/><\/span>\n\t\t<\/p>\n\t<\/div>\n<\/div>\n<div class=\"form-row\">\n\t<div class=\"form-group col mb-3\">\n\t\t<p><span class=\"wpcf7-form-control-wrap\" data-name=\"textarea-307\"><textarea cols=\"40\" rows=\"10\" class=\"wpcf7-form-control wpcf7-textarea wpcf7-validates-as-required form-control\" id=\"message\" aria-required=\"true\" aria-invalid=\"false\" placeholder=\"Nachricht\" name=\"textarea-307\"><\/textarea><\/span>\n\t\t<\/p>\n\t<\/div>\n<\/div>\n<div class=\"form-row\">\n\t<div class=\"form-group col mb-0\">\n\t\t<div class=\"vc_btn3-container  custom-btn-arrow mb-0 vc_btn3-inline\">\n\t\t\t<p><button class=\"vc_btn3 vc_btn3-shape-rounded vc_btn3-icon-right font-weight-bold btn btn-md btn-primary font-size-md py-3 px-5\">Senden<i class=\"vc_btn3-icon fas fa-long-arrow-alt-right\"><\/i><\/button>\n\t\t\t<\/p>\n\t\t<\/div>\n\t<\/div>\n<\/div><div class=\"wpcf7-response-output\" aria-hidden=\"true\"><\/div>\n<\/form>\n<\/div>\n<\/div>[\/vc_column][\/vc_row][vc_row][vc_column width=&#8220;1\/2&#8243;][vc_custom_heading text=&#8220;Hauptsitz&#8220; use_theme_fonts=&#8220;yes&#8220;][vc_gmaps link=&#8220;#E-8_JTNDaWZyYW1lJTIwc3JjJTNEJTIyaHR0cHMlM0ElMkYlMkZ3d3cuZ29vZ2xlLmNvbSUyRm1hcHMlMkZlbWJlZCUzRnBiJTNEJTIxMW0xOCUyMTFtMTIlMjExbTMlMjExZDEwOTc1LjI1NTM1NTU5NDMzNCUyMTJkMTYuMTMyNDI0Mzc1MTQ1NTE1JTIxM2Q0Ni41NTEzNjkyOTQzODQ4NCUyMTJtMyUyMTFmMCUyMTJmMCUyMTNmMCUyMTNtMiUyMTFpMTAyNCUyMTJpNzY4JTIxNGYxMy4xJTIxM20zJTIxMW0yJTIxMXMweDQ3NmY0MTRiMzY5MzVlNjUlMjUzQTB4Yjg4NWFmZTU0NTQyYTkxMCUyMTJzS2xqdSUyNUM0JTI1OERhdm5pJTI1QzQlMjU4RGFyc3R2byUyNTIwSkRKJTI1MjBEZW5pcyUyNTIwJTI1QzQlMjU4Q3VrJTI1MjBzLnAuJTIxNWUwJTIxM20yJTIxMXNzbCUyMTJzc2klMjE0djE2ODgxMTUwODU1MTklMjE1bTIlMjExc3NsJTIxMnNzaSUyMiUyMHdpZHRoJTNEJTIyODAwJTIyJTIwaGVpZ2h0JTNEJTIyNDAwJTIyJTIwc3R5bGUlM0QlMjJib3JkZXIlM0EwJTNCJTIyJTIwYWxsb3dmdWxsc2NyZWVuJTNEJTIyJTIyJTIwbG9hZGluZyUzRCUyMmxhenklMjIlMjByZWZlcnJlcnBvbGljeSUzRCUyMm5vLXJlZmVycmVyLXdoZW4tZG93bmdyYWRlJTIyJTNFJTNDJTJGaWZyYW1lJTNF&#8220;][\/vc_column][vc_column width=&#8220;1\/2&#8243;][vc_custom_heading text=&#8220;Werk 2&#8243; use_theme_fonts=&#8220;yes&#8220;][vc_gmaps link=&#8220;#E-8_JTNDaWZyYW1lJTIwc3JjJTNEJTIyaHR0cHMlM0ElMkYlMkZ3d3cuZ29vZ2xlLmNvbSUyRm1hcHMlMkZlbWJlZCUzRnBiJTNEJTIxMW0xOCUyMTFtMTIlMjExbTMlMjExZDEwOTc1LjI1NTM1NTU5NDMzNCUyMTJkMTYuMTMyNDI0Mzc1MTQ1NTE1JTIxM2Q0Ni41NTEzNjkyOTQzODQ4NCUyMTJtMyUyMTFmMCUyMTJmMCUyMTNmMCUyMTNtMiUyMTFpMTAyNCUyMTJpNzY4JTIxNGYxMy4xJTIxM20zJTIxMW0yJTIxMXMweDQ3NmY0NzEwZTc3NzM2MzclMjUzQTB4MTRjMWExYjlmZTM0NGJkNiUyMTJzS2xqdSUyNUM0JTI1OERhdm5pJTI1QzQlMjU4RGFyc3R2byUyNTIwSkRKJTI1MjBEZW5pcyUyNTIwJTI1QzQlMjU4Q3VrJTI1MjBzLnAuJTI1MjBPYnJhdCUyNTIwMiUyMTVlMCUyMTNtMiUyMTFzc2wlMjEyc3NpJTIxNHYxNjg4MTE1MjY5MDc1JTIxNW0yJTIxMXNzbCUyMTJzc2klMjIlMjB3aWR0aCUzRCUyMjgwMCUyMiUyMGhlaWdodCUzRCUyMjQwMCUyMiUyMHN0eWxlJTNEJTIyYm9yZGVyJTNBMCUzQiUyMiUyMGFsbG93ZnVsbHNjcmVlbiUzRCUyMiUyMiUyMGxvYWRpbmclM0QlMjJsYXp5JTIyJTIwcmVmZXJyZXJwb2xpY3klM0QlMjJuby1yZWZlcnJlci13aGVuLWRvd25ncmFkZSUyMiUzRSUzQyUyRmlmcmFtZSUzRQ==&#8220;][\/vc_column][\/vc_row]<\/p>\n<\/section>","protected":false},"excerpt":{"rendered":"<p>[vc_row content_placement=&#8220;middle&#8220; wrap_container=&#8220;yes&#8220; el_class=&#8220;pt-4&#8243; css=&#8220;.vc_custom_1640820771458{padding-bottom: 57px !important;}&#8220;][vc_column el_class=&#8220;offset-xl-1 mb-5 mb-lg-0&#8243; offset=&#8220;vc_col-lg-4 vc_col-md-5&#8243;][vc_column_text]Hauptsitz: Klju\u010darovci 7g 9242 Kri\u017eevci pri Ljutomeru Werk 2: Klju\u010darovci 75 9242 Kri\u017eevci pri Ljutomeru[\/vc_column_text][\/vc_column][vc_column el_class=&#8220;offset-lg-1 custom-form-style-1&#8243; offset=&#8220;vc_col-lg-5 vc_col-md-6&#8243;][\/vc_column][\/vc_row][vc_row][vc_column width=&#8220;1\/2&#8243;][vc_custom_heading text=&#8220;Hauptsitz&#8220; use_theme_fonts=&#8220;yes&#8220;][vc_gmaps link=&#8220;#E-8_JTNDaWZyYW1lJTIwc3JjJTNEJTIyaHR0cHMlM0ElMkYlMkZ3d3cuZ29vZ2xlLmNvbSUyRm1hcHMlMkZlbWJlZCUzRnBiJTNEJTIxMW0xOCUyMTFtMTIlMjExbTMlMjExZDEwOTc1LjI1NTM1NTU5NDMzNCUyMTJkMTYuMTMyNDI0Mzc1MTQ1NTE1JTIxM2Q0Ni41NTEzNjkyOTQzODQ4NCUyMTJtMyUyMTFmMCUyMTJmMCUyMTNmMCUyMTNtMiUyMTFpMTAyNCUyMTJpNzY4JTIxNGYxMy4xJTIxM20zJTIxMW0yJTIxMXMweDQ3NmY0MTRiMzY5MzVlNjUlMjUzQTB4Yjg4NWFmZTU0NTQyYTkxMCUyMTJzS2xqdSUyNUM0JTI1OERhdm5pJTI1QzQlMjU4RGFyc3R2byUyNTIwSkRKJTI1MjBEZW5pcyUyNTIwJTI1QzQlMjU4Q3VrJTI1MjBzLnAuJTIxNWUwJTIxM20yJTIxMXNzbCUyMTJzc2klMjE0djE2ODgxMTUwODU1MTklMjE1bTIlMjExc3NsJTIxMnNzaSUyMiUyMHdpZHRoJTNEJTIyODAwJTIyJTIwaGVpZ2h0JTNEJTIyNDAwJTIyJTIwc3R5bGUlM0QlMjJib3JkZXIlM0EwJTNCJTIyJTIwYWxsb3dmdWxsc2NyZWVuJTNEJTIyJTIyJTIwbG9hZGluZyUzRCUyMmxhenklMjIlMjByZWZlcnJlcnBvbGljeSUzRCUyMm5vLXJlZmVycmVyLXdoZW4tZG93bmdyYWRlJTIyJTNFJTNDJTJGaWZyYW1lJTNF&#8220;][\/vc_column][vc_column width=&#8220;1\/2&#8243;][vc_custom_heading text=&#8220;Werk 2&#8243; use_theme_fonts=&#8220;yes&#8220;][vc_gmaps link=&#8220;#E-8_JTNDaWZyYW1lJTIwc3JjJTNEJTIyaHR0cHMlM0ElMkYlMkZ3d3cuZ29vZ2xlLmNvbSUyRm1hcHMlMkZlbWJlZCUzRnBiJTNEJTIxMW0xOCUyMTFtMTIlMjExbTMlMjExZDEwOTc1LjI1NTM1NTU5NDMzNCUyMTJkMTYuMTMyNDI0Mzc1MTQ1NTE1JTIxM2Q0Ni41NTEzNjkyOTQzODQ4NCUyMTJtMyUyMTFmMCUyMTJmMCUyMTNmMCUyMTNtMiUyMTFpMTAyNCUyMTJpNzY4JTIxNGYxMy4xJTIxM20zJTIxMW0yJTIxMXMweDQ3NmY0NzEwZTc3NzM2MzclMjUzQTB4MTRjMWExYjlmZTM0NGJkNiUyMTJzS2xqdSUyNUM0JTI1OERhdm5pJTI1QzQlMjU4RGFyc3R2byUyNTIwSkRKJTI1MjBEZW5pcyUyNTIwJTI1QzQlMjU4Q3VrJTI1MjBzLnAuJTI1MjBPYnJhdCUyNTIwMiUyMTVlMCUyMTNtMiUyMTFzc2wlMjEyc3NpJTIxNHYxNjg4MTE1MjY5MDc1JTIxNW0yJTIxMXNzbCUyMTJzc2klMjIlMjB3aWR0aCUzRCUyMjgwMCUyMiUyMGhlaWdodCUzRCUyMjQwMCUyMiUyMHN0eWxlJTNEJTIyYm9yZGVyJTNBMCUzQiUyMiUyMGFsbG93ZnVsbHNjcmVlbiUzRCUyMiUyMiUyMGxvYWRpbmclM0QlMjJsYXp5JTIyJTIwcmVmZXJyZXJwb2xpY3klM0QlMjJuby1yZWZlcnJlci13aGVuLWRvd25ncmFkZSUyMiUzRSUzQyUyRmlmcmFtZSUzRQ==&#8220;][\/vc_column][\/vc_row]<\/p>\n","protected":false},"author":1,"featured_media":0,"parent":0,"menu_order":0,"comment_status":"closed","ping_status":"closed","template":"","meta":[],"_links":{"self":[{"href":"https:\/\/kljucavnicarstvo-cuk.si\/de\/wp-json\/wp\/v2\/pages\/962"}],"collection":[{"href":"https:\/\/kljucavnicarstvo-cuk.si\/de\/wp-json\/wp\/v2\/pages"}],"about":[{"href":"https:\/\/kljucavnicarstvo-cuk.si\/de\/wp-json\/wp\/v2\/types\/page"}],"author":[{"embeddable":true,"href":"https:\/\/kljucavnicarstvo-cuk.si\/de\/wp-json\/wp\/v2\/users\/1"}],"replies":[{"embeddable":true,"href":"https:\/\/kljucavnicarstvo-cuk.si\/de\/wp-json\/wp\/v2\/comments?post=962"}],"version-history":[{"count":6,"href":"https:\/\/kljucavnicarstvo-cuk.si\/de\/wp-json\/wp\/v2\/pages\/962\/revisions"}],"predecessor-version":[{"id":1109,"href":"https:\/\/kljucavnicarstvo-cuk.si\/de\/wp-json\/wp\/v2\/pages\/962\/revisions\/1109"}],"wp:attachment":[{"href":"https:\/\/kljucavnicarstvo-cuk.si\/de\/wp-json\/wp\/v2\/media?parent=962"}],"curies":[{"name":"wp","href":"https:\/\/api.w.org\/{rel}","templated":true}]}}