{"id":956,"date":"2020-12-25T14:59:34","date_gmt":"2020-12-25T13:59:34","guid":{"rendered":"https:\/\/kljucavnicarstvo-cuk.si\/home\/"},"modified":"2024-01-25T18:35:04","modified_gmt":"2024-01-25T17:35:04","slug":"home","status":"publish","type":"page","link":"https:\/\/kljucavnicarstvo-cuk.si\/de\/","title":{"rendered":"Home"},"content":{"rendered":"<section class=\"wpb-content-wrapper\"><p>[vc_row no_padding=&#8220;yes&#8220; el_class=&#8220;overflow-hidden&#8220; conditional_render=&#8220;%5B%7B%22condition_a%22%3A%22device%22%2C%22comparative_operator%22%3A%22not_equal%22%2C%22value_device%22%3A%22tablet_mobile%22%2C%22value_role%22%3A%22administrator%22%7D%5D&#8220;][vc_column]<div class=\"porto-ultimate-content-box-container custom-section-background kenBurnsToRight\"><style>#porto_ucb_5174{will-change: box-shadow;box-shadow: none;}#porto_ucb_5174:hover{box-shadow:none}<\/style><div class=\"porto-ultimate-content-box\" style=\"background-image:url(&#039;https:\/\/kljucavnicarstvo-cuk.si\/wp-content\/uploads\/2023\/06\/jdj-slider-2.jpg&#039;);background-size: cover;background-repeat: no-repeat;background-position: center center;background-color: rgba(0, 0, 0, 0);\" id=\"porto_ucb_5174\"><\/div><\/div>[vc_row_inner wrap_container=&#8220;yes&#8220; el_class=&#8220;custom-bg-white position-relative py-sm-5 my-5&#8243;][vc_column_inner][vc_raw_html el_class=&#8220;mb-0&#8243;]PHN2ZyB4bWxucz0iaHR0cDovL3d3dy53My5vcmcvMjAwMC9zdmciIHhtbG5zOnhsaW5rPSJodHRwOi8vd3d3LnczLm9yZy8xOTk5L3hsaW5rIiBjbGFzcz0iY3VzdG9tLXN2Zy0xIGQtbm9uZSBkLXNtLWJsb2NrIiB2ZXJzaW9uPSIxLjEiIHg9IjBweCIgeT0iMHB4IiB2aWV3Ym94PSIwIDAgNjQ5IDU3OCI+CgkJCQkJCQk8cGF0aCBmaWxsPSIjRkZGIiBkPSJNLTIyNS41LDE1NC43bDM1OC40NSw0NTYuOTZjNy43MSw5LjgzLDIxLjkyLDExLjU0LDMxLjc1LDMuODRsNDU2Ljk2LTM1OC40NWM5LjgzLTcuNzEsMTEuNTQtMjEuOTIsMy44NC0zMS43NSBMMjY3LjA1LTIzMS42NmMtNy43MS05LjgzLTIxLjkyLTExLjU0LTMxLjc1LTMuODRsLTQ1Ni45NiwzNTguNDVDLTIzMS40OSwxMzAuNjYtMjMzLjIsMTQ0Ljg3LTIyNS41LDE1NC43eiI+PC9wYXRoPgoJCQkJCQkJPHBhdGggY2xhc3M9ImFuaW1hdGVkIGN1c3RvbUxpbmVBbmltIiBmaWxsPSJub25lIiBzdHJva2U9IiMxQzVGQTgiIHN0cm9rZS13aWR0aD0iMS41IiBzdHJva2UtbWl0ZXJsaW1pdD0iMTAiIGQ9Ik00MTYtMjFsMjAyLjI3LDI5Mi45MWM1LjQyLDcuODUsMy42MywxOC41OS00LjA1LDI0LjI1TDE5OCw2MDMiIHN0eWxlPSJhbmltYXRpb24tZGVsYXk6IDMwMG1zOyBhbmltYXRpb24tZHVyYXRpb246IDVzOyI+PC9wYXRoPgoJCQkJCQk8L3N2Zz4=[\/vc_raw_html][\/vc_column_inner][vc_column_inner el_class=&#8220;mb-5 z-index-1&#8243; width=&#8220;2\/3&#8243; offset=&#8220;vc_col-lg-5 vc_col-md-6&#8243;][vc_custom_heading text=&#8220;Wir verarbeiten rostfreien und unlegierten Stahl sowie Aluminium.&#8220; font_container=&#8220;tag:h4|font_size:1.35em|text_align:left|color:%23969696|line_height:1.7&#8243; use_theme_fonts=&#8220;yes&#8220; font_weight=&#8220;700&#8243; letter_spacing=&#8220;-0.945px&#8220; animation_delay=&#8220;800&#8243; animation_type=&#8220;fadeInUp&#8220; el_class=&#8220;mb-1&#8243;][vc_custom_heading text=&#8220;Wir bieten qualitativ hochwertige Dienstleistungen basierend auf den Anforderungen des Kunden.&#8220; font_container=&#8220;tag:h2|font_size:2.3em|text_align:left|line_height:44px&#8220; use_theme_fonts=&#8220;yes&#8220; letter_spacing=&#8220;-1.61px&#8220; animation_delay=&#8220;1100&#8243; el_class=&#8220;mb-4 pb-2&#8243; animation_type=&#8220;fadeInUp&#8220;][vc_btn title=&#8220;DIENSTLEISTUNGEN&#8220; shape=&#8220;rounded&#8220; i_align=&#8220;right&#8220; i_icon_fontawesome=&#8220;fas fa-long-arrow-alt-right&#8220; skin=&#8220;primary&#8220; btn_fs=&#8220;1em&#8220; btn_fw=&#8220;700&#8243; btn_ls=&#8220;0&#8243; animation_delay=&#8220;1300&#8243; add_icon=&#8220;true&#8220; animation_type=&#8220;fadeInUp&#8220; btn_px=&#8220;3rem&#8220; btn_py=&#8220;1.3132rem&#8220; el_class=&#8220;custom-btn-arrow mb-0&#8243; link=&#8220;url:https%3A%2F%2Fkljucavnicarstvo-cuk.si%2Fde%2Fdienstleistungen%2F|title:Dienstleistungen|&#8220;][\/vc_column_inner][\/vc_row_inner][\/vc_column][\/vc_row][vc_row disable_element=&#8220;yes&#8220; no_padding=&#8220;yes&#8220; el_class=&#8220;overflow-hidden&#8220; conditional_render=&#8220;%5B%7B%22condition_a%22%3A%22device%22%2C%22comparative_operator%22%3A%22equal%22%2C%22value_device%22%3A%22tablet_mobile%22%2C%22value_role%22%3A%22administrator%22%2C%22condition_operator%22%3A%22and%22%7D%5D&#8220;][vc_column][vc_row_inner wrap_container=&#8220;yes&#8220; el_class=&#8220;custom-bg-white position-relative py-sm-5 my-5&#8243;][vc_column_inner el_class=&#8220;mb-5 z-index-1&#8243; width=&#8220;2\/3&#8243; offset=&#8220;vc_col-lg-5 vc_col-md-6&#8243;][vc_custom_heading text=&#8220;Mechanics Who Are Ready To Work For You&#8220; font_container=&#8220;tag:h4|font_size:1.35em|text_align:left|color:%23969696|line_height:1.7&#8243; use_theme_fonts=&#8220;yes&#8220; font_weight=&#8220;700&#8243; letter_spacing=&#8220;-0.945px&#8220; animation_delay=&#8220;800&#8243; el_class=&#8220;mb-1&#8243;][vc_custom_heading text=&#8220;Reliable And Knowledgeable Mechanics Locate In Los Angeles, CA&#8220; font_container=&#8220;tag:h2|font_size:2.3em|text_align:left|line_height:44px&#8220; use_theme_fonts=&#8220;yes&#8220; letter_spacing=&#8220;-1.61px&#8220; animation_delay=&#8220;1100&#8243; el_class=&#8220;mb-4 pb-2&#8243;][vc_btn title=&#8220;GET STARTED&#8220; shape=&#8220;rounded&#8220; i_align=&#8220;right&#8220; i_icon_fontawesome=&#8220;fas fa-long-arrow-alt-right&#8220; skin=&#8220;primary&#8220; btn_fs=&#8220;1em&#8220; btn_fw=&#8220;700&#8243; btn_ls=&#8220;0&#8243; animation_delay=&#8220;1300&#8243; add_icon=&#8220;true&#8220; btn_px=&#8220;3rem&#8220; btn_py=&#8220;1.3132rem&#8220; el_class=&#8220;custom-btn-arrow mb-0&#8243;][\/vc_column_inner][\/vc_row_inner][\/vc_column][\/vc_row][vc_row content_placement=&#8220;middle&#8220; wrap_container=&#8220;yes&#8220; css=&#8220;.vc_custom_1640560636491{padding-top: 50px !important;padding-bottom: 50px !important;background-color: #f7f7f7 !important;}&#8220;][vc_column offset=&#8220;vc_col-md-7&#8243;]<div class=\"porto-u-heading text-center text-lg-end mb-4 mb-lg-0  wpb_custom_95aa9a11c17ad45cfabaf210d84ee7cc porto-u-4528\" data-appear-animation=\"fadeInRight\" data-appear-animation-delay=\"1700\"><div class=\"porto-u-main-heading\"><h2   style=\"font-weight:700;color:#1c5fa8;margin-bottom: 4px;font-size:28px;line-height:28px;letter-spacing:-1.4px;\">Die Kleinheit und Universalit\u00e4t unseres Unternehmens<\/h2><\/div><div class=\"porto-u-sub-heading\" style=\"font-weight:700;color: #777777;font-size:16.8px;line-height:26px;\">ist ein Garant f\u00fcr volle Flexibilit\u00e4t f\u00fcr den Kunden<\/div><style>.porto-u-4528.porto-u-heading{text-align:right}<\/style><\/div>[\/vc_column][vc_column offset=&#8220;vc_col-md-5&#8243; el_class=&#8220;ps-lg-4&#8243;][vc_btn title=&#8220;KONTAKTIERE UNS&#8220; shape=&#8220;rounded&#8220; align=&#8220;left&#8220; skin=&#8220;primary&#8220; btn_fs=&#8220;14px&#8220; btn_fw=&#8220;700&#8243; btn_ls=&#8220;0&#8243; el_cls=&#8220;btn-borders&#8220; animation_delay=&#8220;1500&#8243; link=&#8220;url:https%3A%2F%2Fkljucavnicarstvo-cuk.si%2Fde%2Fkontakt%2F|title:Kontakt|&#8220; btn_px=&#8220;2.4rem&#8220; btn_py=&#8220;1.3132rem&#8220; el_class=&#8220;mb-0 text-center text-lg-start ms-lg-2&#8243; animation_type=&#8220;fadeInRight&#8220;][\/vc_column][\/vc_row][vc_row content_placement=&#8220;middle&#8220; wrap_container=&#8220;yes&#8220; el_class=&#8220;my-5 pt-md-4 pt-xl-0&#8243;][vc_column el_class=&#8220;pb-sm-4 pb-lg-0 mb-5 mb-lg-0&#8243; offset=&#8220;vc_col-md-6&#8243;][vc_custom_heading text=&#8220;Eine Familientradition seit 1986&#8243; use_theme_fonts=&#8220;yes&#8220; animation_type=&#8220;fadeInUp&#8220; el_class=&#8220;mb-0&#8243;][vc_separator color=&#8220;custom&#8220; align=&#8220;align_left&#8220; border_width=&#8220;4&#8243; css_animation=&#8220;left-to-right&#8220; style=&#8220;solid&#8220; el_class=&#8220;custom-separator customLineProgressAnim my-3&#8243; accent_color=&#8220;#1c5fa8&#8243;][vc_custom_heading text=&#8220;Wir sind ein Familienunternehmen mit langer Tradition. Wir bieten L\u00f6sungen im Bereich der mechanischen Schlosserei.&#8220; font_container=&#8220;tag:p|font_size:15.4px|text_align:left|line_height:26px&#8220; use_theme_fonts=&#8220;yes&#8220; font_weight=&#8220;300&#8243; letter_spacing=&#8220;0&#8243; animation_delay=&#8220;450&#8243; el_class=&#8220;mb-4&#8243; animation_type=&#8220;fadeInUp&#8220;][vc_custom_heading text=&#8220;Unser Leitprinzip ist die qualitativ hochwertige Ausf\u00fchrung der Schlosserarbeiten und die Zufriedenheit unserer Kunden. Die Hauptt\u00e4tigkeiten sind Bearbeitung, Metallumwandlung, Herstellung kleiner Metallstrukturen und anderer kleiner Produkte.&#8220; font_container=&#8220;tag:p|text_align:left&#8220; use_theme_fonts=&#8220;yes&#8220; animation_delay=&#8220;700&#8243; el_class=&#8220;pb-1 mb-4&#8243; animation_type=&#8220;fadeInUp&#8220;]<div class=\"porto-ultimate-content-box-container custom-view-more\" data-appear-animation=\"fadeInLeft\" data-appear-animation-delay=\"950\"><style>#porto_ucb_4719{will-change: box-shadow;box-shadow: none;}#porto_ucb_4719:hover{box-shadow:none}<\/style><div class=\"porto-ultimate-content-box\" style=\"\" id=\"porto_ucb_4719\">[vc_btn title=&#8220;\u00dcBER UNS&#8220; shape=&#8220;rounded&#8220; skin=&#8220;primary&#8220; btn_fs=&#8220;14px&#8220; btn_fw=&#8220;700&#8243; btn_ls=&#8220;0&#8243; animation_delay=&#8220;&#8220; link=&#8220;url:https%3A%2F%2Fkljucavnicarstvo-cuk.si%2Fde%2Fueber-uns%2F|title:%C3%9Cber%20uns|&#8220; btn_px=&#8220;3rem&#8220; btn_py=&#8220;1.3132rem&#8220; el_class=&#8220;mb-sm-0 me-sm-2&#8243;]<div class=\"porto-sicon-box  vc_custom_1693468111564 ms-sm-4 ps-sm-4 mb-0  wpb_custom_2afec8a09e21a7ae108923d29f51513a style_1 default-icon\"><div class=\"porto-sicon-default\"><div class=\"porto-just-icon-wrapper porto-icon none\" style=\"color:#212529;font-size:28.8px;margin-right:0px;\"><i class=\"porto-icon-phone-1\"><\/i><\/div><\/div><div class=\"porto-sicon-header\"><h5 class=\"porto-sicon-title\" style=\"color:#777777;margin-bottom:0px;\">Rufen Sie uns an<\/h5><p style=\"font-weight:700;font-size:18.9px;line-height:1.2;color:#333333;\">+386 41 402 695<\/p><\/div> <!-- header --><\/div><!-- porto-sicon-box --><\/div><\/div>[\/vc_column][vc_column width=&#8220;3\/4&#8243; animation_delay=&#8220;1450&#8243; el_class=&#8220;ps-lg-5 pe-lg-5 custom-auto-img&#8220; offset=&#8220;vc_col-md-6 vc_col-xs-10&#8243; animation_type=&#8220;fadeInLeft&#8220; conditional_render=&#8220;%5B%7B%22value_role%22%3A%22administrator%22%7D%5D&#8220;][vc_single_image image=&#8220;651&#8243; img_size=&#8220;full&#8220; floating_start_pos=&#8220;top&#8220; floating_speed=&#8220;9.8&#8243; floating_duration=&#8220;1000&#8243; el_class=&#8220;mb-0&#8243;]<div class=\"porto-ultimate-content-box-container auto-1 transform3dxy-n50\"><style>#porto_ucb_6296{will-change: box-shadow;box-shadow: none;}#porto_ucb_6296:hover{box-shadow:none}<\/style><div class=\"porto-ultimate-content-box\" style=\"\" id=\"porto_ucb_6296\">[vc_single_image image=&#8220;653&#8243; floating_start_pos=&#8220;top&#8220; floating_speed=&#8220;0.5&#8243; el_class=&#8220;mb-0&#8243; floating_duration=&#8220;2000&#8243;]<\/div><\/div><div class=\"porto-ultimate-content-box-container auto-2 transform3dxy-n50\"><style>#porto_ucb_7262{will-change: box-shadow;box-shadow: none;}#porto_ucb_7262:hover{box-shadow:none}<\/style><div class=\"porto-ultimate-content-box\" style=\"\" id=\"porto_ucb_7262\">[vc_single_image image=&#8220;652&#8243; floating_start_pos=&#8220;top&#8220; floating_speed=&#8220;2.5&#8243; el_class=&#8220;mb-0&#8243; floating_duration=&#8220;1500&#8243;]<\/div><\/div><div class=\"porto-ultimate-content-box-container auto-3 transform3dxy-n50\"><style>#porto_ucb_9840{will-change: box-shadow;box-shadow: none;}#porto_ucb_9840:hover{box-shadow:none}<\/style><div class=\"porto-ultimate-content-box\" style=\"\" id=\"porto_ucb_9840\">[vc_single_image image=&#8220;653&#8243; floating_start_pos=&#8220;top&#8220; floating_speed=&#8220;2&#8243; el_class=&#8220;mb-0&#8243; floating_duration=&#8220;2500&#8243;]<\/div><\/div>[\/vc_column][\/vc_row][vc_row full_width=&#8220;stretch_row&#8220; conditional_render=&#8220;%5B%7B%22value_role%22%3A%22administrator%22%7D%5D&#8220; css=&#8220;.vc_custom_1686739541745{padding-top: 40px !important;padding-bottom: 40px !important;background-color: #cecece !important;}&#8220;][vc_column width=&#8220;1\/3&#8243;][vc_icon type=&#8220;material&#8220; icon_material=&#8220;vc-material vc-material-camera&#8220; color=&#8220;custom&#8220; size=&#8220;lg&#8220; align=&#8220;center&#8220; custom_color=&#8220;#3498db&#8220;]<div class=\"porto-u-heading  wpb_custom_95aa9a11c17ad45cfabaf210d84ee7cc porto-u-9664\"><div class=\"porto-u-main-heading\"><h4  >Produktion von Metallprodukten<\/h4><\/div><style>.porto-u-9664.porto-u-heading{text-align:center}<\/style><\/div>[\/vc_column][vc_column width=&#8220;1\/3&#8243;][vc_icon type=&#8220;material&#8220; icon_material=&#8220;vc-material vc-material-brightness_medium&#8220; color=&#8220;custom&#8220; size=&#8220;lg&#8220; align=&#8220;center&#8220; custom_color=&#8220;#3498db&#8220;]<div class=\"porto-u-heading  wpb_custom_95aa9a11c17ad45cfabaf210d84ee7cc porto-u-4506\"><div class=\"porto-u-main-heading\"><h4  >Produkte aus Edelstahl<\/h4><\/div><style>.porto-u-4506.porto-u-heading{text-align:center}<\/style><\/div>[\/vc_column][vc_column width=&#8220;1\/3&#8243;][vc_icon type=&#8220;material&#8220; icon_material=&#8220;vc-material vc-material-album&#8220; color=&#8220;custom&#8220; size=&#8220;lg&#8220; align=&#8220;center&#8220; custom_color=&#8220;#3498db&#8220;]<div class=\"porto-u-heading  wpb_custom_95aa9a11c17ad45cfabaf210d84ee7cc porto-u-3075\"><div class=\"porto-u-main-heading\"><h4  >Von Kunden bestellte Produkte<\/h4><\/div><style>.porto-u-3075.porto-u-heading{text-align:center}<\/style><\/div>[\/vc_column][\/vc_row][vc_row wrap_container=&#8220;yes&#8220; el_class=&#8220;py-5 my-5&#8243;][vc_column][vc_row_inner][vc_column_inner el_class=&#8220;mx-auto&#8220; offset=&#8220;vc_col-lg-8 vc_col-md-9&#8243;][vc_custom_heading text=&#8220;Dienstleistungen&#8220; use_theme_fonts=&#8220;yes&#8220; animation_delay=&#8220;300&#8243; animation_type=&#8220;fadeInUp&#8220; el_class=&#8220;text-center mb-0&#8243;][vc_separator color=&#8220;custom&#8220; align=&#8220;align_left&#8220; border_width=&#8220;4&#8243; css_animation=&#8220;left-to-right&#8220; style=&#8220;solid&#8220; el_class=&#8220;custom-separator customLineProgressAnim my-3 text-center&#8220; accent_color=&#8220;#1c5fa8&#8243;][vc_custom_heading text=&#8220;Wir verarbeiten rostfreien und unlegierten Stahl sowie Aluminium. Wir bieten qualitativ hochwertige Dienstleistungen basierend auf Anforderungen oder Nach der Dokumentation des Auftraggebers halten wir die vereinbarten Produktionstermine ein und stehen auf Wunsch auch mit professioneller Beratung zur Seite.&#8220; font_container=&#8220;tag:p|font_size:15.4px|text_align:left|line_height:26px&#8220; use_theme_fonts=&#8220;yes&#8220; font_weight=&#8220;300&#8243; letter_spacing=&#8220;0&#8243; animation_delay=&#8220;450&#8243; el_class=&#8220;text-center p-t-xs m-b-xl p-b-xs&#8220; animation_type=&#8220;fadeInUp&#8220;][\/vc_column_inner][\/vc_row_inner][vc_tour][vc_tab title=&#8220;CNC-Drehen&#8220; tab_id=&#8220;e2e28b78-88a8-7&#8243;][vc_column_text]Auf Wunsch bieten wir unseren Kunden das Drehen mit einer Universal-CNC-Drehmaschine und einer CNC-Drehmaschine mit angetriebenen Werkzeugen an. Wir k\u00f6nnen Werkst\u00fccke bis zu einem Durchmesser von 300 mm und einer L\u00e4nge von 500 mm drehen.<\/p>\n<p>[\/vc_column_text][vc_row_inner][vc_column_inner width=&#8220;1\/2&#8243;][vc_single_image image=&#8220;725&#8243; img_size=&#8220;full&#8220; onclick=&#8220;link_image&#8220;][\/vc_column_inner][vc_column_inner width=&#8220;1\/2&#8243;][vc_single_image image=&#8220;726&#8243; img_size=&#8220;full&#8220; onclick=&#8220;link_image&#8220;][\/vc_column_inner][\/vc_row_inner][\/vc_tab][vc_tab title=&#8220;CNC-Fr\u00e4sen&#8220; tab_id=&#8220;1686753908045-4-0&#8243;][vc_column_text]Wir bieten unseren Kunden auf Anfrage CNC-Fr\u00e4sen an.<\/p>\n<p>[\/vc_column_text][vc_row_inner][vc_column_inner width=&#8220;1\/2&#8243;][vc_single_image image=&#8220;727&#8243; img_size=&#8220;full&#8220; onclick=&#8220;link_image&#8220;][\/vc_column_inner][vc_column_inner width=&#8220;1\/2&#8243;][vc_single_image image=&#8220;728&#8243; img_size=&#8220;full&#8220; onclick=&#8220;link_image&#8220;][\/vc_column_inner][\/vc_row_inner][\/vc_tab][vc_tab title=&#8220;Fr\u00e4sen&#8220; tab_id=&#8220;1686753932069-5-7&#8243;][vc_column_text]In unserem Unternehmen stehen uns klassische Fr\u00e4smaschinen zur Verf\u00fcgung. Fr\u00e4smaschinen k\u00f6nnen Werkst\u00fccke mit den Abmessungen 900 mm x 400 mm x 500 mm bearbeiten. Wir fertigen auch Kardanwellen.<\/p>\n<p>[\/vc_column_text][vc_row_inner][vc_column_inner width=&#8220;1\/2&#8243;][vc_single_image image=&#8220;729&#8243; img_size=&#8220;full&#8220; onclick=&#8220;link_image&#8220;][\/vc_column_inner][vc_column_inner width=&#8220;1\/2&#8243;][\/vc_column_inner][\/vc_row_inner][\/vc_tab][vc_tab title=&#8220;Laser schneiden&#8220; tab_id=&#8220;1686753882253-3-4&#8243;][vc_column_text]Laserschneiden von Blechen bis 20 mm Dicke.[\/vc_column_text][vc_row_inner][vc_column_inner width=&#8220;1\/2&#8243;][vc_single_image image=&#8220;730&#8243; img_size=&#8220;full&#8220; onclick=&#8220;link_image&#8220;][\/vc_column_inner][vc_column_inner width=&#8220;1\/2&#8243;][\/vc_column_inner][\/vc_row_inner][\/vc_tab][vc_tab title=&#8220;Roboterschwei\u00dfen&#8220; tab_id=&#8220;1688114697972-10-3&#8243;][vc_column_text]Mit dem Lorch Cobot UR10 haben wir die Produktivit\u00e4t unserer Produktion maximiert und an der Qualit\u00e4t der Schwei\u00dfn\u00e4hte gewonnen.<\/p>\n<p>[\/vc_column_text][vc_row_inner][vc_column_inner width=&#8220;1\/2&#8243;][vc_single_image image=&#8220;731&#8243; img_size=&#8220;full&#8220; onclick=&#8220;link_image&#8220;][\/vc_column_inner][vc_column_inner width=&#8220;1\/2&#8243;][\/vc_column_inner][\/vc_row_inner][\/vc_tab][vc_tab title=&#8220;Schwei\u00dfen&#8220; tab_id=&#8220;1686753980300-7-1&#8243;][vc_column_text]WIG, MIG, MAG \u2013 Schwei\u00dfen mit modernsten Lorch-Schwei\u00dfger\u00e4ten.<\/p>\n<p>[\/vc_column_text][vc_row_inner][vc_column_inner width=&#8220;1\/2&#8243;][vc_single_image image=&#8220;733&#8243; img_size=&#8220;full&#8220; onclick=&#8220;link_image&#8220;][\/vc_column_inner][vc_column_inner width=&#8220;1\/2&#8243;][vc_single_image image=&#8220;732&#8243; img_size=&#8220;full&#8220; onclick=&#8220;link_image&#8220;][\/vc_column_inner][\/vc_row_inner][\/vc_tab][vc_tab title=&#8220;Metallbiegen&#8220; tab_id=&#8220;1686753849669-2-4&#8243;][vc_column_text]Wir bieten Blechbiegen 100t x 3m mit einer breiten Palette an Biegewerkzeugen an.[\/vc_column_text][\/vc_tab][vc_tab title=&#8220;Stanzen&#8220; tab_id=&#8220;1686753951933-6-5&#8243;][vc_column_text]Auf hochwertigen Exzenterpressen mit einer Nennkraft von 25 bis 100 Tonnen k\u00f6nnen wir f\u00fcr Sie verschiedenste Blechprodukte in Stanztechnik herstellen.<\/p>\n<p>[\/vc_column_text][vc_row_inner][vc_column_inner width=&#8220;1\/2&#8243;][vc_single_image image=&#8220;734&#8243; img_size=&#8220;full&#8220; onclick=&#8220;link_image&#8220;][\/vc_column_inner][vc_column_inner width=&#8220;1\/2&#8243;][\/vc_column_inner][\/vc_row_inner][\/vc_tab][vc_tab title=&#8220;Herstellung von Metallprodukten&#8220; tab_id=&#8220;1686754040820-9-1&#8243;][vc_column_text]Wir fertigen Produkte nach den spezifischen W\u00fcnschen des Kunden. Langj\u00e4hrige Tradition, Erfahrung und Investitionen in Wissen und Ausr\u00fcstung sind unser Garant f\u00fcr einen gut ausgef\u00fchrten Service.[\/vc_column_text][vc_row_inner][vc_column_inner width=&#8220;1\/2&#8243;][vc_single_image image=&#8220;743&#8243; img_size=&#8220;full&#8220; onclick=&#8220;link_image&#8220;][\/vc_column_inner][vc_column_inner width=&#8220;1\/2&#8243;][vc_single_image image=&#8220;742&#8243; img_size=&#8220;full&#8220; onclick=&#8220;link_image&#8220;][\/vc_column_inner][\/vc_row_inner][\/vc_tab][vc_tab title=&#8220;Produkte aus Edelstahl&#8220; tab_id=&#8220;1686754011548-8-0&#8243;][vc_column_text]Wir fertigen Produkte nach den spezifischen W\u00fcnschen des Kunden, INOX, Alu und andere Nichteisenmetalle.[\/vc_column_text][vc_row_inner][vc_column_inner width=&#8220;1\/2&#8243;][vc_single_image image=&#8220;746&#8243; img_size=&#8220;full&#8220; onclick=&#8220;link_image&#8220;][\/vc_column_inner][vc_column_inner width=&#8220;1\/2&#8243;][vc_single_image image=&#8220;745&#8243; img_size=&#8220;full&#8220; onclick=&#8220;link_image&#8220;][\/vc_column_inner][\/vc_row_inner][\/vc_tab][\/vc_tour][\/vc_column][\/vc_row][vc_row no_padding=&#8220;yes&#8220; el_class=&#8220;custom-lightbox&#8220;][vc_column width=&#8220;1\/2&#8243; offset=&#8220;vc_col-md-3 vc_col-xs-6&#8243;][vc_single_image image=&#8220;656&#8243; img_size=&#8220;full&#8220; onclick=&#8220;img_link_large&#8220; lightbox=&#8220;yes&#8220; image_gallery=&#8220;yes&#8220; zoom_icon=&#8220;yes&#8220; hover_effect=&#8220;yes&#8220; el_class=&#8220;mb-0&#8243;][\/vc_column][vc_column width=&#8220;1\/2&#8243; offset=&#8220;vc_col-md-3 vc_col-xs-6&#8243;][vc_single_image image=&#8220;657&#8243; img_size=&#8220;full&#8220; onclick=&#8220;img_link_large&#8220; lightbox=&#8220;yes&#8220; image_gallery=&#8220;yes&#8220; zoom_icon=&#8220;yes&#8220; hover_effect=&#8220;yes&#8220; el_class=&#8220;mb-0&#8243;][\/vc_column][vc_column width=&#8220;1\/2&#8243; offset=&#8220;vc_col-md-3 vc_col-xs-6&#8243;][vc_single_image image=&#8220;658&#8243; img_size=&#8220;full&#8220; onclick=&#8220;img_link_large&#8220; lightbox=&#8220;yes&#8220; image_gallery=&#8220;yes&#8220; zoom_icon=&#8220;yes&#8220; hover_effect=&#8220;yes&#8220; el_class=&#8220;mb-0&#8243;][\/vc_column][vc_column width=&#8220;1\/2&#8243; offset=&#8220;vc_col-md-3 vc_col-xs-6&#8243;][vc_single_image image=&#8220;659&#8243; img_size=&#8220;full&#8220; onclick=&#8220;img_link_large&#8220; lightbox=&#8220;yes&#8220; image_gallery=&#8220;yes&#8220; zoom_icon=&#8220;yes&#8220; hover_effect=&#8220;yes&#8220; el_class=&#8220;mb-0&#8243;][\/vc_column][\/vc_row]<\/p>\n<\/section>","protected":false},"excerpt":{"rendered":"<p>[vc_row no_padding=&#8220;yes&#8220; el_class=&#8220;overflow-hidden&#8220; conditional_render=&#8220;%5B%7B%22condition_a%22%3A%22device%22%2C%22comparative_operator%22%3A%22not_equal%22%2C%22value_device%22%3A%22tablet_mobile%22%2C%22value_role%22%3A%22administrator%22%7D%5D&#8220;][vc_column][vc_row_inner wrap_container=&#8220;yes&#8220; el_class=&#8220;custom-bg-white position-relative py-sm-5 my-5&#8243;][vc_column_inner][vc_raw_html el_class=&#8220;mb-0&#8243;]PHN2ZyB4bWxucz0iaHR0cDovL3d3dy53My5vcmcvMjAwMC9zdmciIHhtbG5zOnhsaW5rPSJodHRwOi8vd3d3LnczLm9yZy8xOTk5L3hsaW5rIiBjbGFzcz0iY3VzdG9tLXN2Zy0xIGQtbm9uZSBkLXNtLWJsb2NrIiB2ZXJzaW9uPSIxLjEiIHg9IjBweCIgeT0iMHB4IiB2aWV3Ym94PSIwIDAgNjQ5IDU3OCI+CgkJCQkJCQk8cGF0aCBmaWxsPSIjRkZGIiBkPSJNLTIyNS41LDE1NC43bDM1OC40NSw0NTYuOTZjNy43MSw5LjgzLDIxLjkyLDExLjU0LDMxLjc1LDMuODRsNDU2Ljk2LTM1OC40NWM5LjgzLTcuNzEsMTEuNTQtMjEuOTIsMy44NC0zMS43NSBMMjY3LjA1LTIzMS42NmMtNy43MS05LjgzLTIxLjkyLTExLjU0LTMxLjc1LTMuODRsLTQ1Ni45NiwzNTguNDVDLTIzMS40OSwxMzAuNjYtMjMzLjIsMTQ0Ljg3LTIyNS41LDE1NC43eiI+PC9wYXRoPgoJCQkJCQkJPHBhdGggY2xhc3M9ImFuaW1hdGVkIGN1c3RvbUxpbmVBbmltIiBmaWxsPSJub25lIiBzdHJva2U9IiMxQzVGQTgiIHN0cm9rZS13aWR0aD0iMS41IiBzdHJva2UtbWl0ZXJsaW1pdD0iMTAiIGQ9Ik00MTYtMjFsMjAyLjI3LDI5Mi45MWM1LjQyLDcuODUsMy42MywxOC41OS00LjA1LDI0LjI1TDE5OCw2MDMiIHN0eWxlPSJhbmltYXRpb24tZGVsYXk6IDMwMG1zOyBhbmltYXRpb24tZHVyYXRpb246IDVzOyI+PC9wYXRoPgoJCQkJCQk8L3N2Zz4=[\/vc_raw_html][\/vc_column_inner][vc_column_inner el_class=&#8220;mb-5 z-index-1&#8243; width=&#8220;2\/3&#8243; offset=&#8220;vc_col-lg-5 vc_col-md-6&#8243;][vc_custom_heading text=&#8220;Wir verarbeiten rostfreien und unlegierten Stahl sowie Aluminium.&#8220; font_container=&#8220;tag:h4|font_size:1.35em|text_align:left|color:%23969696|line_height:1.7&#8243; use_theme_fonts=&#8220;yes&#8220; font_weight=&#8220;700&#8243; letter_spacing=&#8220;-0.945px&#8220; animation_delay=&#8220;800&#8243; animation_type=&#8220;fadeInUp&#8220; el_class=&#8220;mb-1&#8243;][vc_custom_heading text=&#8220;Wir bieten qualitativ hochwertige Dienstleistungen basierend auf den Anforderungen des Kunden.&#8220; font_container=&#8220;tag:h2|font_size:2.3em|text_align:left|line_height:44px&#8220; use_theme_fonts=&#8220;yes&#8220; letter_spacing=&#8220;-1.61px&#8220; animation_delay=&#8220;1100&#8243; el_class=&#8220;mb-4 pb-2&#8243; animation_type=&#8220;fadeInUp&#8220;][vc_btn title=&#8220;DIENSTLEISTUNGEN&#8220; shape=&#8220;rounded&#8220; i_align=&#8220;right&#8220; i_icon_fontawesome=&#8220;fas fa-long-arrow-alt-right&#8220; skin=&#8220;primary&#8220; btn_fs=&#8220;1em&#8220; [&hellip;]<\/p>\n","protected":false},"author":1,"featured_media":0,"parent":0,"menu_order":0,"comment_status":"closed","ping_status":"closed","template":"","meta":[],"_links":{"self":[{"href":"https:\/\/kljucavnicarstvo-cuk.si\/de\/wp-json\/wp\/v2\/pages\/956"}],"collection":[{"href":"https:\/\/kljucavnicarstvo-cuk.si\/de\/wp-json\/wp\/v2\/pages"}],"about":[{"href":"https:\/\/kljucavnicarstvo-cuk.si\/de\/wp-json\/wp\/v2\/types\/page"}],"author":[{"embeddable":true,"href":"https:\/\/kljucavnicarstvo-cuk.si\/de\/wp-json\/wp\/v2\/users\/1"}],"replies":[{"embeddable":true,"href":"https:\/\/kljucavnicarstvo-cuk.si\/de\/wp-json\/wp\/v2\/comments?post=956"}],"version-history":[{"count":9,"href":"https:\/\/kljucavnicarstvo-cuk.si\/de\/wp-json\/wp\/v2\/pages\/956\/revisions"}],"predecessor-version":[{"id":1113,"href":"https:\/\/kljucavnicarstvo-cuk.si\/de\/wp-json\/wp\/v2\/pages\/956\/revisions\/1113"}],"wp:attachment":[{"href":"https:\/\/kljucavnicarstvo-cuk.si\/de\/wp-json\/wp\/v2\/media?parent=956"}],"curies":[{"name":"wp","href":"https:\/\/api.w.org\/{rel}","templated":true}]}}