{"id":950,"date":"2020-12-25T14:56:53","date_gmt":"2020-12-25T13:56:53","guid":{"rendered":"https:\/\/kljucavnicarstvo-cuk.si\/ueber-uns\/"},"modified":"2023-08-31T09:37:22","modified_gmt":"2023-08-31T07:37:22","slug":"ueber-uns","status":"publish","type":"page","link":"https:\/\/kljucavnicarstvo-cuk.si\/de\/ueber-uns\/","title":{"rendered":"\u00dcber uns"},"content":{"rendered":"<section class=\"wpb-content-wrapper\"><p>[vc_row content_placement=&#8220;middle&#8220; wrap_container=&#8220;yes&#8220; el_class=&#8220;mt-5 pt-4 m-b-lg&#8220;][vc_column el_class=&#8220;pb-sm-4 pb-lg-0 mb-5 mb-lg-0&#8243; offset=&#8220;vc_col-md-6&#8243;][vc_custom_heading text=&#8220;Eine Familientradition seit 1986&#8243; use_theme_fonts=&#8220;yes&#8220; animation_type=&#8220;fadeInUp&#8220; el_class=&#8220;mb-0&#8243;][vc_separator color=&#8220;custom&#8220; align=&#8220;align_left&#8220; border_width=&#8220;4&#8243; css_animation=&#8220;left-to-right&#8220; style=&#8220;solid&#8220; el_class=&#8220;custom-separator customLineProgressAnim my-3&#8243; accent_color=&#8220;#1c5fa8&#8243;][vc_custom_heading text=&#8220;Wir sind ein Familienunternehmen mit langer Tradition. Wir bieten L\u00f6sungen im Bereich der mechanischen Schlosserei.&#8220; font_container=&#8220;tag:p|font_size:15.4px|text_align:left|line_height:26px&#8220; use_theme_fonts=&#8220;yes&#8220; font_weight=&#8220;300&#8243; letter_spacing=&#8220;0&#8243; animation_delay=&#8220;450&#8243; el_class=&#8220;mb-4&#8243; animation_type=&#8220;fadeInUp&#8220;][vc_custom_heading text=&#8220;Unser Leitprinzip ist die qualitativ hochwertige Ausf\u00fchrung der Schlosserarbeiten und die Zufriedenheit unserer Kunden. Die Hauptt\u00e4tigkeiten sind Bearbeitung, Metallumwandlung, Herstellung kleiner Metallstrukturen und anderer kleiner Produkte.&#8220; font_container=&#8220;tag:p|text_align:left&#8220; use_theme_fonts=&#8220;yes&#8220; animation_delay=&#8220;700&#8243; el_class=&#8220;pb-1 mb-4&#8243; animation_type=&#8220;fadeInUp&#8220;][\/vc_column][vc_column width=&#8220;3\/4&#8243; animation_delay=&#8220;1450&#8243; el_class=&#8220;ps-lg-5 pe-5 custom-auto-img&#8220; offset=&#8220;vc_col-md-6 vc_col-xs-10&#8243; animation_type=&#8220;fadeInLeft&#8220;][vc_single_image image=&#8220;651&#8243; img_size=&#8220;full&#8220; floating_start_pos=&#8220;top&#8220; floating_speed=&#8220;9.8&#8243; floating_duration=&#8220;1000&#8243; el_class=&#8220;mb-0&#8243;]<div class=\"porto-ultimate-content-box-container auto-1 transform3dxy-n50\"><style>#porto_ucb_1304{will-change: box-shadow;box-shadow: none;}#porto_ucb_1304:hover{box-shadow:none}<\/style><div class=\"porto-ultimate-content-box\" style=\"\" id=\"porto_ucb_1304\">[vc_single_image image=&#8220;652&#8243; floating_start_pos=&#8220;top&#8220; floating_speed=&#8220;0.5&#8243; el_class=&#8220;mb-0&#8243; floating_duration=&#8220;2000&#8243;]<\/div><\/div><div class=\"porto-ultimate-content-box-container auto-2 transform3dxy-n50\"><style>#porto_ucb_1922{will-change: box-shadow;box-shadow: none;}#porto_ucb_1922:hover{box-shadow:none}<\/style><div class=\"porto-ultimate-content-box\" style=\"\" id=\"porto_ucb_1922\">[vc_single_image image=&#8220;653&#8243; floating_start_pos=&#8220;top&#8220; floating_speed=&#8220;2.5&#8243; el_class=&#8220;mb-0&#8243; floating_duration=&#8220;1500&#8243;]<\/div><\/div><div class=\"porto-ultimate-content-box-container auto-3 transform3dxy-n50\"><style>#porto_ucb_8044{will-change: box-shadow;box-shadow: none;}#porto_ucb_8044:hover{box-shadow:none}<\/style><div class=\"porto-ultimate-content-box\" style=\"\" id=\"porto_ucb_8044\">[vc_single_image image=&#8220;652&#8243; floating_start_pos=&#8220;top&#8220; floating_speed=&#8220;2&#8243; el_class=&#8220;mb-0&#8243; floating_duration=&#8220;2500&#8243;]<\/div><\/div>[\/vc_column][\/vc_row][vc_row gap=&#8220;20&#8243; wrap_container=&#8220;yes&#8220; el_class=&#8220;custom-lightbox&#8220; css=&#8220;.vc_custom_1640788298454{margin-bottom: 38px !important;}&#8220;][vc_column width=&#8220;1\/3&#8243;][vc_single_image image=&#8220;676&#8243; img_size=&#8220;full&#8220; onclick=&#8220;img_link_large&#8220; lightbox=&#8220;yes&#8220; image_gallery=&#8220;yes&#8220; zoom_icon=&#8220;yes&#8220; hover_effect=&#8220;yes&#8220; el_class=&#8220;mb-0&#8243;][\/vc_column][vc_column width=&#8220;1\/3&#8243;][vc_single_image image=&#8220;678&#8243; img_size=&#8220;full&#8220; onclick=&#8220;img_link_large&#8220; lightbox=&#8220;yes&#8220; image_gallery=&#8220;yes&#8220; zoom_icon=&#8220;yes&#8220; hover_effect=&#8220;yes&#8220; el_class=&#8220;mb-0&#8243;][\/vc_column][vc_column width=&#8220;1\/3&#8243;][vc_single_image image=&#8220;677&#8243; img_size=&#8220;full&#8220; onclick=&#8220;img_link_large&#8220; lightbox=&#8220;yes&#8220; image_gallery=&#8220;yes&#8220; zoom_icon=&#8220;yes&#8220; hover_effect=&#8220;yes&#8220; el_class=&#8220;mb-0&#8243;][\/vc_column][\/vc_row][vc_row wrap_container=&#8220;yes&#8220; el_class=&#8220;pb-4 mb-4&#8243; conditional_render=&#8220;%5B%7B%22value_role%22%3A%22administrator%22%7D%5D&#8220;][vc_column offset=&#8220;vc_col-lg-4\/5 vc_col-md-9&#8243;][vc_custom_heading text=&#8220;Die Kleinheit und Universalit\u00e4t unseres Unternehmens ist ein Garant f\u00fcr vollst\u00e4ndige Anpassungsf\u00e4higkeit an den Kunden.&#8220; font_container=&#8220;tag:p|text_align:left&#8220; use_theme_fonts=&#8220;yes&#8220; animation_delay=&#8220;1000&#8243; animation_type=&#8220;fadeInUp&#8220; el_class=&#8220;mb-4&#8243;][\/vc_column][vc_column offset=&#8220;vc_col-lg-1\/5 vc_col-md-3&#8243;][vc_btn title=&#8220;DIENSTLEISTUNGEN&#8220; shape=&#8220;rounded&#8220; align=&#8220;center&#8220; skin=&#8220;primary&#8220; btn_fs=&#8220;1em&#8220; btn_fw=&#8220;700&#8243; btn_ls=&#8220;0&#8243; animation_delay=&#8220;1300&#8243; button_block=&#8220;true&#8220; animation_type=&#8220;fadeInUp&#8220; btn_px=&#8220;2.4rem&#8220; btn_py=&#8220;1.3132rem&#8220; el_class=&#8220;mb-0 w-lg-100pct d-inline-block d-lg-block&#8220; link=&#8220;url:https%3A%2F%2Fkljucavnicarstvo-cuk.si%2Fde%2Fdienstleistungen%2F|title:Dienstleistungen|&#8220;][\/vc_column][\/vc_row][vc_row wrap_container=&#8220;yes&#8220; conditional_render=&#8220;%5B%7B%22value_role%22%3A%22administrator%22%7D%5D&#8220;][vc_column width=&#8220;1\/3&#8243;][vc_single_image image=&#8220;716&#8243; img_size=&#8220;full&#8220; alignment=&#8220;right&#8220; label=&#8220;&#8220;][\/vc_column][vc_column width=&#8220;2\/3&#8243;][vc_column_text]<\/p>\n<h3><\/h3>\n<h3><span style=\"color: #3498db\">1986<\/span> \u21d2 Ein Gesch\u00e4ft er\u00f6ffnen<\/h3>\n<h3><span style=\"color: #3498db\">2000<\/span> \u21d2 Umzug in neue R\u00e4umlichkeiten<\/h3>\n<h3><span style=\"color: #3498db\">2003<\/span> \u21d2 Schrittweise \u00dcbergabe des Unternehmens<\/h3>\n<h3><span style=\"color: #3498db\">2017<\/span> \u21d2 Anschaffung einer neuen Universal-CNC-Drehmaschine<\/h3>\n<h3><span style=\"color: #3498db\">2018<\/span> \u21d2 Anschaffung einer neuen Hyundai WIA L230LMA CNC-Drehmaschine<\/h3>\n<h3><span style=\"color: #3498db\">2019<\/span> \u21d2 Anschaffung eines neuen Hyundai WIA F500 plus Vertikalzentrum<\/h3>\n<h3><span style=\"color: #3498db\">2020<\/span> \u21d2 Kauf weiterer Gesch\u00e4ftsr\u00e4ume (Werk 2)<\/h3>\n<h3><span style=\"color: #3498db\">2021<\/span> \u21d2 Anschaffung des Faserlasers HyperCUT 1530 VISIO 3000<\/h3>\n<h3><span style=\"color: #3498db\">2022<\/span> \u21d2 Anschaffung des Schwei\u00dfroboters Lorch Cobot UR10<\/h3>\n<h3><span style=\"color: #3498db\">2022<\/span> \u21d2 Anschaffung der hydraulischen CNC-Presse HyperBEND<\/h3>\n<h3><span style=\"color: #3498db\">2023<\/span> \u21d2 Neue Lagerm\u00f6glichkeiten<\/h3>\n<p>[\/vc_column_text][\/vc_column][\/vc_row]<\/p>\n<\/section>","protected":false},"excerpt":{"rendered":"<p>[vc_row content_placement=&#8220;middle&#8220; wrap_container=&#8220;yes&#8220; el_class=&#8220;mt-5 pt-4 m-b-lg&#8220;][vc_column el_class=&#8220;pb-sm-4 pb-lg-0 mb-5 mb-lg-0&#8243; offset=&#8220;vc_col-md-6&#8243;][vc_custom_heading text=&#8220;Eine Familientradition seit 1986&#8243; use_theme_fonts=&#8220;yes&#8220; animation_type=&#8220;fadeInUp&#8220; el_class=&#8220;mb-0&#8243;][vc_separator color=&#8220;custom&#8220; align=&#8220;align_left&#8220; border_width=&#8220;4&#8243; css_animation=&#8220;left-to-right&#8220; style=&#8220;solid&#8220; el_class=&#8220;custom-separator customLineProgressAnim my-3&#8243; accent_color=&#8220;#1c5fa8&#8243;][vc_custom_heading text=&#8220;Wir sind ein Familienunternehmen mit langer Tradition. Wir bieten L\u00f6sungen im Bereich der mechanischen Schlosserei.&#8220; font_container=&#8220;tag:p|font_size:15.4px|text_align:left|line_height:26px&#8220; use_theme_fonts=&#8220;yes&#8220; font_weight=&#8220;300&#8243; letter_spacing=&#8220;0&#8243; animation_delay=&#8220;450&#8243; el_class=&#8220;mb-4&#8243; animation_type=&#8220;fadeInUp&#8220;][vc_custom_heading text=&#8220;Unser Leitprinzip ist die qualitativ hochwertige [&hellip;]<\/p>\n","protected":false},"author":1,"featured_media":0,"parent":0,"menu_order":0,"comment_status":"closed","ping_status":"closed","template":"","meta":[],"_links":{"self":[{"href":"https:\/\/kljucavnicarstvo-cuk.si\/de\/wp-json\/wp\/v2\/pages\/950"}],"collection":[{"href":"https:\/\/kljucavnicarstvo-cuk.si\/de\/wp-json\/wp\/v2\/pages"}],"about":[{"href":"https:\/\/kljucavnicarstvo-cuk.si\/de\/wp-json\/wp\/v2\/types\/page"}],"author":[{"embeddable":true,"href":"https:\/\/kljucavnicarstvo-cuk.si\/de\/wp-json\/wp\/v2\/users\/1"}],"replies":[{"embeddable":true,"href":"https:\/\/kljucavnicarstvo-cuk.si\/de\/wp-json\/wp\/v2\/comments?post=950"}],"version-history":[{"count":6,"href":"https:\/\/kljucavnicarstvo-cuk.si\/de\/wp-json\/wp\/v2\/pages\/950\/revisions"}],"predecessor-version":[{"id":1003,"href":"https:\/\/kljucavnicarstvo-cuk.si\/de\/wp-json\/wp\/v2\/pages\/950\/revisions\/1003"}],"wp:attachment":[{"href":"https:\/\/kljucavnicarstvo-cuk.si\/de\/wp-json\/wp\/v2\/media?parent=950"}],"curies":[{"name":"wp","href":"https:\/\/api.w.org\/{rel}","templated":true}]}}